{"id":426,"date":"2025-09-09T14:27:09","date_gmt":"2025-09-09T14:27:09","guid":{"rendered":"https:\/\/gonzaloaraya.com\/?post_type=product&#038;p=426"},"modified":"2026-03-13T12:56:59","modified_gmt":"2026-03-13T12:56:59","slug":"sesion-practica-armonica-a-c","status":"publish","type":"product","link":"https:\/\/gonzaloaraya.com\/pt\/product\/sesion-practica-armonica-a-c\/","title":{"rendered":"Octavas, Chugging y Escalas"},"content":{"rendered":"<p data-start=\"1085\" data-end=\"1429\">Acomp\u00e1\u00f1ame en una <strong data-start=\"1103\" data-end=\"1156\">sesi\u00f3n pr\u00e1ctica de arm\u00f3nica con afinaciones A y C<\/strong> donde descubrir\u00e1s c\u00f3mo aplicar en tu rutina diaria t\u00e9cnicas esenciales como <strong data-start=\"1233\" data-end=\"1264\">octavas, chugging y escalas<\/strong>. Esta pr\u00e1ctica est\u00e1 dise\u00f1ada para mostrarte ejercicios reales que utilizo d\u00eda a d\u00eda, pensados para mejorar tu <strong data-start=\"1375\" data-end=\"1408\">sonido, fluidez y musicalidad<\/strong> en el instrumento.<\/p>\n<p data-start=\"1431\" data-end=\"1703\">Durante la clase veremos c\u00f3mo trabajar con <strong data-start=\"1474\" data-end=\"1502\">dos arm\u00f3nicas diferentes<\/strong> para ampliar tu versatilidad, ganar control en la respiraci\u00f3n y darle m\u00e1s expresi\u00f3n a tu interpretaci\u00f3n. Usaremos recursos cl\u00e1sicos del blues y el folk, adaptados a un formato did\u00e1ctico y accesible.<\/p>\n<p data-start=\"1705\" data-end=\"1759\">\ud83d\udc49 <strong data-start=\"1708\" data-end=\"1757\">Lo que aprender\u00e1s en esta sesi\u00f3n de arm\u00f3nica:<\/strong><\/p>\n<ul data-start=\"1760\" data-end=\"1991\">\n<li data-start=\"1760\" data-end=\"1812\">\n<p data-start=\"1762\" data-end=\"1812\">C\u00f3mo usar <strong data-start=\"1772\" data-end=\"1783\">octavas<\/strong> para enriquecer tu sonido.<\/p>\n<\/li>\n<li data-start=\"1813\" data-end=\"1871\">\n<p data-start=\"1815\" data-end=\"1871\">T\u00e9cnicas de <strong data-start=\"1827\" data-end=\"1839\">chugging<\/strong> que aportan groove y r\u00edtmica.<\/p>\n<\/li>\n<li data-start=\"1872\" data-end=\"1931\">\n<p data-start=\"1874\" data-end=\"1931\">Ejercicios de <strong data-start=\"1888\" data-end=\"1899\">escalas<\/strong> que mejoran tu improvisaci\u00f3n.<\/p>\n<\/li>\n<li data-start=\"1932\" data-end=\"1991\">\n<p data-start=\"1934\" data-end=\"1991\">Sesi\u00f3n pr\u00e1ctica de arm\u00f3nica en A y C<\/p>\n<\/li>\n<\/ul>\n<p data-start=\"1993\" data-end=\"2164\">\ud83c\udfaf <strong data-start=\"1996\" data-end=\"2015\">Nivel sugerido:<\/strong> Principiantes con base y estudiantes intermedios. No necesitas conocimientos avanzados para seguir la clase.<\/p>\n<p data-start=\"1993\" data-end=\"2164\">Links de interes:\u00a0 <a href=\"http:\/\/www.hohner.de\">www.hohner.de<\/a> y <a href=\"http:\/\/www.audiomusica.com\">www.audiomusica.com<\/a><\/p>\n<p data-start=\"1993\" data-end=\"2164\">Curso recomendado: <a href=\"https:\/\/gonzaloaraya.com\/pt\/product\/curso-de-bending-para-armonica-blues\/\">https:\/\/gonzaloaraya.com\/product\/curso-de-bending-para-armonica-blues\/<\/a><\/p>\n<p data-start=\"173\" data-end=\"496\"><em data-start=\"175\" data-end=\"494\">Al finalizar esta sesi\u00f3n pr\u00e1ctica de arm\u00f3nica en A y C tendr\u00e1s una base s\u00f3lida para avanzar con confianza en tu aprendizaje. La clase no solo refuerza tu t\u00e9cnica, sino que tambi\u00e9n te motiva a desarrollar tu estilo personal y a disfrutar m\u00e1s de cada pr\u00e1ctica. Es un paso clave para sentir la m\u00fasica con mayor libertad.<\/em><\/p>","protected":false},"excerpt":{"rendered":"<p>Acomp\u00e1\u00f1ame en una sesi\u00f3n pr\u00e1ctica de arm\u00f3nica con afinaciones A y C donde descubrir\u00e1s c\u00f3mo aplicar en tu rutina diaria t\u00e9cnicas esenciales como octavas, chugging y escalas. Esta pr\u00e1ctica est\u00e1 dise\u00f1ada para mostrarte ejercicios reales que utilizo d\u00eda a d\u00eda, pensados para mejorar tu sonido, fluidez y musicalidad en el instrumento. Durante la clase veremos [&hellip;]<\/p>\n","protected":false},"featured_media":92,"comment_status":"open","ping_status":"closed","template":"","meta":[],"product_brand":[],"product_cat":[19],"product_tag":[35,29,34,30,36,33,31],"class_list":{"0":"post-426","1":"product","2":"type-product","3":"status-publish","4":"has-post-thumbnail","6":"product_cat-servicios-digitales","7":"product_tag-armonica","8":"product_tag-blues","9":"product_tag-chuggling","10":"product_tag-guia","11":"product_tag-hohner","12":"product_tag-practica","13":"product_tag-principiantes","15":"first","16":"instock","17":"downloadable","18":"virtual","19":"purchasable","20":"product-type-simple"},"yoast_head":"<!-- This site is optimized with the Yoast SEO Premium plugin v24.7 (Yoast SEO v27.1.1) - https:\/\/yoast.com\/product\/yoast-seo-premium-wordpress\/ -->\n<title>Octavas, Chugging y Escalas - Gonzalo Araya<\/title>\n<meta name=\"description\" content=\"Sesi\u00f3n pr\u00e1ctica de arm\u00f3nica en A y C: aprende octavas, chugging y escalas para sonar con m\u00e1s potencia, fluidez y musicalidad\" \/>\n<meta name=\"robots\" content=\"index, follow, max-snippet:-1, max-image-preview:large, max-video-preview:-1\" \/>\n<link rel=\"canonical\" href=\"https:\/\/gonzaloaraya.com\/pt\/product\/sesion-practica-armonica-a-c\/\" \/>\n<meta property=\"og:locale\" content=\"pt_BR\" \/>\n<meta property=\"og:type\" content=\"article\" \/>\n<meta property=\"og:title\" content=\"Octavas, Chugging y Escalas\" \/>\n<meta property=\"og:description\" content=\"Sesi\u00f3n pr\u00e1ctica de arm\u00f3nica en A y C: aprende octavas, chugging y escalas para sonar con m\u00e1s potencia, fluidez y musicalidad\" \/>\n<meta property=\"og:url\" content=\"https:\/\/gonzaloaraya.com\/pt\/product\/sesion-practica-armonica-a-c\/\" \/>\n<meta property=\"og:site_name\" content=\"Gonzalo Araya\" \/>\n<meta property=\"article:modified_time\" content=\"2026-03-13T12:56:59+00:00\" \/>\n<meta property=\"og:image\" content=\"https:\/\/gonzaloaraya.com\/wp-content\/uploads\/2025\/05\/20250406_021220646_iOS.jpg\" \/>\n\t<meta property=\"og:image:width\" content=\"1367\" \/>\n\t<meta property=\"og:image:height\" content=\"2048\" \/>\n\t<meta property=\"og:image:type\" content=\"image\/jpeg\" \/>\n<meta name=\"twitter:card\" content=\"summary_large_image\" \/>\n<meta name=\"twitter:label1\" content=\"Est. tempo de leitura\" \/>\n\t<meta name=\"twitter:data1\" content=\"2 minutos\" \/>\n<script type=\"application\/ld+json\" class=\"yoast-schema-graph\">{\"@context\":\"https:\/\/schema.org\",\"@graph\":[{\"@type\":\"WebPage\",\"@id\":\"https:\/\/gonzaloaraya.com\/product\/sesion-practica-armonica-a-c\/\",\"url\":\"https:\/\/gonzaloaraya.com\/product\/sesion-practica-armonica-a-c\/\",\"name\":\"Octavas, Chugging y Escalas - Gonzalo Araya\",\"isPartOf\":{\"@id\":\"https:\/\/gonzaloaraya.com\/#website\"},\"primaryImageOfPage\":{\"@id\":\"https:\/\/gonzaloaraya.com\/product\/sesion-practica-armonica-a-c\/#primaryimage\"},\"image\":{\"@id\":\"https:\/\/gonzaloaraya.com\/product\/sesion-practica-armonica-a-c\/#primaryimage\"},\"thumbnailUrl\":\"https:\/\/gonzaloaraya.com\/wp-content\/uploads\/2025\/05\/20250406_021220646_iOS.jpg\",\"datePublished\":\"2025-09-09T14:27:09+00:00\",\"dateModified\":\"2026-03-13T12:56:59+00:00\",\"description\":\"Sesi\u00f3n pr\u00e1ctica de arm\u00f3nica en A y C: aprende octavas, chugging y escalas para sonar con m\u00e1s potencia, fluidez y musicalidad\",\"breadcrumb\":{\"@id\":\"https:\/\/gonzaloaraya.com\/product\/sesion-practica-armonica-a-c\/#breadcrumb\"},\"inLanguage\":\"pt-BR\",\"potentialAction\":[{\"@type\":\"ReadAction\",\"target\":[\"https:\/\/gonzaloaraya.com\/product\/sesion-practica-armonica-a-c\/\"]}]},{\"@type\":\"ImageObject\",\"inLanguage\":\"pt-BR\",\"@id\":\"https:\/\/gonzaloaraya.com\/product\/sesion-practica-armonica-a-c\/#primaryimage\",\"url\":\"https:\/\/gonzaloaraya.com\/wp-content\/uploads\/2025\/05\/20250406_021220646_iOS.jpg\",\"contentUrl\":\"https:\/\/gonzaloaraya.com\/wp-content\/uploads\/2025\/05\/20250406_021220646_iOS.jpg\",\"width\":1367,\"height\":2048,\"caption\":\"Gonzalo Araya impartiendo clases de arm\u00f3nica online personalizadas en vivo\"},{\"@type\":\"BreadcrumbList\",\"@id\":\"https:\/\/gonzaloaraya.com\/product\/sesion-practica-armonica-a-c\/#breadcrumb\",\"itemListElement\":[{\"@type\":\"ListItem\",\"position\":1,\"name\":\"Portada\",\"item\":\"https:\/\/gonzaloaraya.com\/\"},{\"@type\":\"ListItem\",\"position\":2,\"name\":\"Cursos \/ Clases\",\"item\":\"https:\/\/gonzaloaraya.com\/cursos-clases\/\"},{\"@type\":\"ListItem\",\"position\":3,\"name\":\"Octavas, Chugging y Escalas\"}]},{\"@type\":\"WebSite\",\"@id\":\"https:\/\/gonzaloaraya.com\/#website\",\"url\":\"https:\/\/gonzaloaraya.com\/\",\"name\":\"Gonzalo Araya\",\"description\":\"Musico\",\"publisher\":{\"@id\":\"https:\/\/gonzaloaraya.com\/#\/schema\/person\/795efa3c2bac074246d8a8684d35b7de\"},\"potentialAction\":[{\"@type\":\"SearchAction\",\"target\":{\"@type\":\"EntryPoint\",\"urlTemplate\":\"https:\/\/gonzaloaraya.com\/?s={search_term_string}\"},\"query-input\":{\"@type\":\"PropertyValueSpecification\",\"valueRequired\":true,\"valueName\":\"search_term_string\"}}],\"inLanguage\":\"pt-BR\"},{\"@type\":[\"Person\",\"Organization\"],\"@id\":\"https:\/\/gonzaloaraya.com\/#\/schema\/person\/795efa3c2bac074246d8a8684d35b7de\",\"name\":\"gonzaraya\",\"image\":{\"@type\":\"ImageObject\",\"inLanguage\":\"pt-BR\",\"@id\":\"https:\/\/gonzaloaraya.com\/#\/schema\/person\/image\/\",\"url\":\"https:\/\/gonzaloaraya.com\/wp-content\/uploads\/2025\/05\/Logo-opcion-1-sin-fondo.png\",\"contentUrl\":\"https:\/\/gonzaloaraya.com\/wp-content\/uploads\/2025\/05\/Logo-opcion-1-sin-fondo.png\",\"width\":500,\"height\":500,\"caption\":\"gonzaraya\"},\"logo\":{\"@id\":\"https:\/\/gonzaloaraya.com\/#\/schema\/person\/image\/\"},\"sameAs\":[\"http:\/\/gonzaloaraya.com\"]}]}<\/script>\n<!-- \/ Yoast SEO Premium plugin. -->","yoast_head_json":{"title":"Octavas, Chugging y Escalas - Gonzalo Araya","description":"Sesi\u00f3n pr\u00e1ctica de arm\u00f3nica en A y C: aprende octavas, chugging y escalas para sonar con m\u00e1s potencia, fluidez y musicalidad","robots":{"index":"index","follow":"follow","max-snippet":"max-snippet:-1","max-image-preview":"max-image-preview:large","max-video-preview":"max-video-preview:-1"},"canonical":"https:\/\/gonzaloaraya.com\/pt\/product\/sesion-practica-armonica-a-c\/","og_locale":"pt_BR","og_type":"article","og_title":"Octavas, Chugging y Escalas","og_description":"Sesi\u00f3n pr\u00e1ctica de arm\u00f3nica en A y C: aprende octavas, chugging y escalas para sonar con m\u00e1s potencia, fluidez y musicalidad","og_url":"https:\/\/gonzaloaraya.com\/pt\/product\/sesion-practica-armonica-a-c\/","og_site_name":"Gonzalo Araya","article_modified_time":"2026-03-13T12:56:59+00:00","og_image":[{"width":1367,"height":2048,"url":"https:\/\/gonzaloaraya.com\/wp-content\/uploads\/2025\/05\/20250406_021220646_iOS.jpg","type":"image\/jpeg"}],"twitter_card":"summary_large_image","twitter_misc":{"Est. tempo de leitura":"2 minutos"},"schema":{"@context":"https:\/\/schema.org","@graph":[{"@type":"WebPage","@id":"https:\/\/gonzaloaraya.com\/product\/sesion-practica-armonica-a-c\/","url":"https:\/\/gonzaloaraya.com\/product\/sesion-practica-armonica-a-c\/","name":"Octavas, Chugging y Escalas - Gonzalo Araya","isPartOf":{"@id":"https:\/\/gonzaloaraya.com\/#website"},"primaryImageOfPage":{"@id":"https:\/\/gonzaloaraya.com\/product\/sesion-practica-armonica-a-c\/#primaryimage"},"image":{"@id":"https:\/\/gonzaloaraya.com\/product\/sesion-practica-armonica-a-c\/#primaryimage"},"thumbnailUrl":"https:\/\/gonzaloaraya.com\/wp-content\/uploads\/2025\/05\/20250406_021220646_iOS.jpg","datePublished":"2025-09-09T14:27:09+00:00","dateModified":"2026-03-13T12:56:59+00:00","description":"Sesi\u00f3n pr\u00e1ctica de arm\u00f3nica en A y C: aprende octavas, chugging y escalas para sonar con m\u00e1s potencia, fluidez y musicalidad","breadcrumb":{"@id":"https:\/\/gonzaloaraya.com\/product\/sesion-practica-armonica-a-c\/#breadcrumb"},"inLanguage":"pt-BR","potentialAction":[{"@type":"ReadAction","target":["https:\/\/gonzaloaraya.com\/product\/sesion-practica-armonica-a-c\/"]}]},{"@type":"ImageObject","inLanguage":"pt-BR","@id":"https:\/\/gonzaloaraya.com\/product\/sesion-practica-armonica-a-c\/#primaryimage","url":"https:\/\/gonzaloaraya.com\/wp-content\/uploads\/2025\/05\/20250406_021220646_iOS.jpg","contentUrl":"https:\/\/gonzaloaraya.com\/wp-content\/uploads\/2025\/05\/20250406_021220646_iOS.jpg","width":1367,"height":2048,"caption":"Gonzalo Araya impartiendo clases de arm\u00f3nica online personalizadas en vivo"},{"@type":"BreadcrumbList","@id":"https:\/\/gonzaloaraya.com\/product\/sesion-practica-armonica-a-c\/#breadcrumb","itemListElement":[{"@type":"ListItem","position":1,"name":"Portada","item":"https:\/\/gonzaloaraya.com\/"},{"@type":"ListItem","position":2,"name":"Cursos \/ Clases","item":"https:\/\/gonzaloaraya.com\/cursos-clases\/"},{"@type":"ListItem","position":3,"name":"Octavas, Chugging y Escalas"}]},{"@type":"WebSite","@id":"https:\/\/gonzaloaraya.com\/#website","url":"https:\/\/gonzaloaraya.com\/","name":"Gonzalo Araya","description":"Musico","publisher":{"@id":"https:\/\/gonzaloaraya.com\/#\/schema\/person\/795efa3c2bac074246d8a8684d35b7de"},"potentialAction":[{"@type":"SearchAction","target":{"@type":"EntryPoint","urlTemplate":"https:\/\/gonzaloaraya.com\/?s={search_term_string}"},"query-input":{"@type":"PropertyValueSpecification","valueRequired":true,"valueName":"search_term_string"}}],"inLanguage":"pt-BR"},{"@type":["Person","Organization"],"@id":"https:\/\/gonzaloaraya.com\/#\/schema\/person\/795efa3c2bac074246d8a8684d35b7de","name":"gonzaraya","image":{"@type":"ImageObject","inLanguage":"pt-BR","@id":"https:\/\/gonzaloaraya.com\/#\/schema\/person\/image\/","url":"https:\/\/gonzaloaraya.com\/wp-content\/uploads\/2025\/05\/Logo-opcion-1-sin-fondo.png","contentUrl":"https:\/\/gonzaloaraya.com\/wp-content\/uploads\/2025\/05\/Logo-opcion-1-sin-fondo.png","width":500,"height":500,"caption":"gonzaraya"},"logo":{"@id":"https:\/\/gonzaloaraya.com\/#\/schema\/person\/image\/"},"sameAs":["http:\/\/gonzaloaraya.com"]}]}},"_links":{"self":[{"href":"https:\/\/gonzaloaraya.com\/pt\/wp-json\/wp\/v2\/product\/426","targetHints":{"allow":["GET"]}}],"collection":[{"href":"https:\/\/gonzaloaraya.com\/pt\/wp-json\/wp\/v2\/product"}],"about":[{"href":"https:\/\/gonzaloaraya.com\/pt\/wp-json\/wp\/v2\/types\/product"}],"replies":[{"embeddable":true,"href":"https:\/\/gonzaloaraya.com\/pt\/wp-json\/wp\/v2\/comments?post=426"}],"wp:featuredmedia":[{"embeddable":true,"href":"https:\/\/gonzaloaraya.com\/pt\/wp-json\/wp\/v2\/media\/92"}],"wp:attachment":[{"href":"https:\/\/gonzaloaraya.com\/pt\/wp-json\/wp\/v2\/media?parent=426"}],"wp:term":[{"taxonomy":"product_brand","embeddable":true,"href":"https:\/\/gonzaloaraya.com\/pt\/wp-json\/wp\/v2\/product_brand?post=426"},{"taxonomy":"product_cat","embeddable":true,"href":"https:\/\/gonzaloaraya.com\/pt\/wp-json\/wp\/v2\/product_cat?post=426"},{"taxonomy":"product_tag","embeddable":true,"href":"https:\/\/gonzaloaraya.com\/pt\/wp-json\/wp\/v2\/product_tag?post=426"}],"curies":[{"name":"wp","href":"https:\/\/api.w.org\/{rel}","templated":true}]}}