{"id":346,"date":"2025-06-13T02:00:55","date_gmt":"2025-06-13T02:00:55","guid":{"rendered":"https:\/\/gonzaloaraya.com\/?post_type=product&#038;p=346"},"modified":"2026-03-13T12:58:14","modified_gmt":"2026-03-13T12:58:14","slug":"10-licks-de-armonica-blues","status":"publish","type":"product","link":"https:\/\/gonzaloaraya.com\/pt\/product\/10-licks-de-armonica-blues\/","title":{"rendered":"10 licks de arm\u00f3nica Blues"},"content":{"rendered":"<h2 data-start=\"341\" data-end=\"398\">\u00a0\u00bfTe gustar\u00eda aprender a tocar 10 licks de arm\u00f3nica?<\/h2>\n<p data-start=\"400\" data-end=\"525\">Este curso <strong data-start=\"411\" data-end=\"443\">\u201c10 Licks de Arm\u00f3nica Blues\u201d<\/strong> est\u00e1 dise\u00f1ado para que desarrolles tu fraseo y agregues nuevas ideas a tu m\u00fasica.<\/p>\n<p data-start=\"527\" data-end=\"774\">A trav\u00e9s de estos <strong data-start=\"545\" data-end=\"583\">licks esenciales de arm\u00f3nica blues<\/strong> cuidadosamente seleccionados, aprender\u00e1s a combinar t\u00e9cnica, ritmo y expresi\u00f3n en tu interpretaci\u00f3n. Cada lick est\u00e1 explicado paso a paso en video con algunas pistas de apoyo para practicar.<\/p>\n<hr data-start=\"776\" data-end=\"779\" \/>\n<h2 data-start=\"781\" data-end=\"796\">\ud83d\udce6\u00bfQue incluye este curso de 10 licks de arm\u00f3nica blues?<\/h2>\n<ul data-start=\"798\" data-end=\"927\">\n<li data-start=\"798\" data-end=\"837\">\n<p data-start=\"800\" data-end=\"837\">10 licks de arm\u00f3nica blues<\/p>\n<\/li>\n<li data-start=\"838\" data-end=\"859\">\n<p data-start=\"840\" data-end=\"859\">Tablaturas en PDF<\/p>\n<\/li>\n<li data-start=\"860\" data-end=\"894\">\n<p data-start=\"862\" data-end=\"894\">Acompa\u00f1amientos para practicar<\/p>\n<\/li>\n<li data-start=\"895\" data-end=\"927\">\n<p data-start=\"897\" data-end=\"927\">Audios en tempo lento y normal<\/p>\n<\/li>\n<\/ul>\n<h3 data-start=\"934\" data-end=\"977\">\ud83c\udfaf Curso pr\u00e1ctico para nivel intermedio<\/h3>\n<p data-start=\"979\" data-end=\"1210\">Este curso es ideal para quienes ya conocen los fundamentos de la arm\u00f3nica diat\u00f3nica en segunda posici\u00f3n y desean ampliar su vocabulario musical sin complicaciones te\u00f3ricas. Algunos licks ser\u00e1n ejecutados con la t\u00e9cnica <em data-start=\"1199\" data-end=\"1209\">overblow<\/em>.<\/p>\n<p data-start=\"1212\" data-end=\"1427\">Adem\u00e1s, es un excelente complemento para los cursos de blues disponibles en esta misma tienda. Si ya tomaste el <strong data-start=\"1324\" data-end=\"1348\">Curso de 12 Compases<\/strong> o el <strong data-start=\"1354\" data-end=\"1374\">Curso de Bending<\/strong>, este pack de frases ser\u00e1 tu siguiente paso natural.<\/p>\n<p data-start=\"1429\" data-end=\"1586\">Este curso de <strong data-start=\"1443\" data-end=\"1473\">10 licks de arm\u00f3nica blues<\/strong> te dar\u00e1 herramientas concretas para sonar mejor, improvisar con seguridad y encontrar tu propia voz en el blues.<\/p>\n<p data-start=\"1588\" data-end=\"2102\">Este curso de licks es tambi\u00e9n una excelente herramienta para quienes ya tocan otros instrumentos y quieren incorporar la arm\u00f3nica como recurso mel\u00f3dico o de improvisaci\u00f3n. Cada frase que aprendes aqu\u00ed puede aplicarse en diferentes contextos: blues tradicional, shuffle, slow blues o incluso en fusiones con jazz y rock. La idea es que no solo memorices los licks, sino que los entiendas, los adaptes y los hagas parte de tu propio vocabulario musical. Es un paso concreto hacia un sonido m\u00e1s expresivo y personal.<\/p>\n<h3 data-start=\"2109\" data-end=\"2136\">\ud83d\udd17 Recursos adicionales<\/h3>\n<p data-start=\"2138\" data-end=\"2321\">\ud83d\udc49 \u00bfEst\u00e1s comenzando? Revisa tambi\u00e9n el curso <a class=\"\" href=\"https:\/\/gonzaloaraya.com\/pt\/product\/curso-basico-de-armonica-armonicazo-aprende-a-soplar-musica\/\" target=\"_new\" rel=\"noopener\" data-start=\"2184\" data-end=\"2295\"><strong data-start=\"2185\" data-end=\"2199\">Armonicazo<\/strong><\/a> para aprender desde cero.<\/p>\n<p data-start=\"2323\" data-end=\"2439\">\ud83d\udc49 Visita el canal de <a class=\"\" href=\"https:\/\/www.youtube.com\/@chalberk\" target=\"_new\" rel=\"noopener\" data-start=\"2345\" data-end=\"2410\"><strong data-start=\"2346\" data-end=\"2374\">YouTube de Gonzalo Araya<\/strong><\/a> para m\u00e1s contenido gratuito.<\/p>\n<p data-start=\"272\" data-end=\"390\">Se voc\u00ea estiver no BRASIL e quiser pagar com PayPal, clique no bot\u00e3o abaixo:<\/p>\n<p data-start=\"272\" data-end=\"390\"><a href=\"https:\/\/www.paypal.com\/cgi-bin\/webscr?cmd=_s-xclick&amp;hosted_button_id=3HXA26WSVPEB6\">PAGAR COM PAYPAL AQUI<\/a><\/p>","protected":false},"excerpt":{"rendered":"<p><strong data-start=\"142\" data-end=\"200\">Domina 10 frases esenciales del blues con tu arm\u00f3nica.<\/strong> Aprende licks cl\u00e1sicos en segunda posici\u00f3n, con ejemplos en video y audios descargables. Ideal para quienes quieren mejorar su expresi\u00f3n y fraseo.<\/p>","protected":false},"featured_media":91,"comment_status":"open","ping_status":"closed","template":"","meta":[],"product_brand":[],"product_cat":[19],"product_tag":[],"class_list":{"0":"post-346","1":"product","2":"type-product","3":"status-publish","4":"has-post-thumbnail","6":"product_cat-servicios-digitales","8":"first","9":"instock","10":"featured","11":"downloadable","12":"virtual","13":"purchasable","14":"product-type-simple"},"yoast_head":"<!-- This site is optimized with the Yoast SEO Premium plugin v24.7 (Yoast SEO v27.1.1) - https:\/\/yoast.com\/product\/yoast-seo-premium-wordpress\/ -->\n<title>10 Licks de Arm\u00f3nica Blues \u2013 Curso Online<\/title>\n<meta name=\"description\" content=\"Aprende 10 licks esenciales de arm\u00f3nica blues en este curso expr\u00e9s online. Ideal para mejorar fraseo, ritmo y expresividad. \u00a1Empieza hoy mismo!\" \/>\n<meta name=\"robots\" content=\"index, follow, max-snippet:-1, max-image-preview:large, max-video-preview:-1\" \/>\n<link rel=\"canonical\" href=\"https:\/\/gonzaloaraya.com\/pt\/product\/10-licks-de-armonica-blues\/\" \/>\n<meta property=\"og:locale\" content=\"pt_BR\" \/>\n<meta property=\"og:type\" content=\"article\" \/>\n<meta property=\"og:title\" content=\"10 licks de arm\u00f3nica Blues\" \/>\n<meta property=\"og:description\" content=\"Aprende 10 licks esenciales de arm\u00f3nica blues en este curso expr\u00e9s online. Ideal para mejorar fraseo, ritmo y expresividad. \u00a1Empieza hoy mismo!\" \/>\n<meta property=\"og:url\" content=\"https:\/\/gonzaloaraya.com\/pt\/product\/10-licks-de-armonica-blues\/\" \/>\n<meta property=\"og:site_name\" content=\"Gonzalo Araya\" \/>\n<meta property=\"article:modified_time\" content=\"2026-03-13T12:58:14+00:00\" \/>\n<meta property=\"og:image\" content=\"https:\/\/gonzaloaraya.com\/wp-content\/uploads\/2025\/05\/20250406_021216129_iOS.jpg\" \/>\n\t<meta property=\"og:image:width\" content=\"2048\" \/>\n\t<meta property=\"og:image:height\" content=\"1367\" \/>\n\t<meta property=\"og:image:type\" content=\"image\/jpeg\" \/>\n<meta name=\"twitter:card\" content=\"summary_large_image\" \/>\n<meta name=\"twitter:label1\" content=\"Est. tempo de leitura\" \/>\n\t<meta name=\"twitter:data1\" content=\"2 minutos\" \/>\n<script type=\"application\/ld+json\" class=\"yoast-schema-graph\">{\"@context\":\"https:\/\/schema.org\",\"@graph\":[{\"@type\":\"WebPage\",\"@id\":\"https:\/\/gonzaloaraya.com\/product\/10-licks-de-armonica-blues\/\",\"url\":\"https:\/\/gonzaloaraya.com\/product\/10-licks-de-armonica-blues\/\",\"name\":\"10 Licks de Arm\u00f3nica Blues \u2013 Curso Online\",\"isPartOf\":{\"@id\":\"https:\/\/gonzaloaraya.com\/#website\"},\"primaryImageOfPage\":{\"@id\":\"https:\/\/gonzaloaraya.com\/product\/10-licks-de-armonica-blues\/#primaryimage\"},\"image\":{\"@id\":\"https:\/\/gonzaloaraya.com\/product\/10-licks-de-armonica-blues\/#primaryimage\"},\"thumbnailUrl\":\"https:\/\/gonzaloaraya.com\/wp-content\/uploads\/2025\/05\/20250406_021216129_iOS.jpg\",\"datePublished\":\"2025-06-13T02:00:55+00:00\",\"dateModified\":\"2026-03-13T12:58:14+00:00\",\"description\":\"Aprende 10 licks esenciales de arm\u00f3nica blues en este curso expr\u00e9s online. Ideal para mejorar fraseo, ritmo y expresividad. \u00a1Empieza hoy mismo!\",\"breadcrumb\":{\"@id\":\"https:\/\/gonzaloaraya.com\/product\/10-licks-de-armonica-blues\/#breadcrumb\"},\"inLanguage\":\"pt-BR\",\"potentialAction\":[{\"@type\":\"ReadAction\",\"target\":[\"https:\/\/gonzaloaraya.com\/product\/10-licks-de-armonica-blues\/\"]}]},{\"@type\":\"ImageObject\",\"inLanguage\":\"pt-BR\",\"@id\":\"https:\/\/gonzaloaraya.com\/product\/10-licks-de-armonica-blues\/#primaryimage\",\"url\":\"https:\/\/gonzaloaraya.com\/wp-content\/uploads\/2025\/05\/20250406_021216129_iOS.jpg\",\"contentUrl\":\"https:\/\/gonzaloaraya.com\/wp-content\/uploads\/2025\/05\/20250406_021216129_iOS.jpg\",\"width\":2048,\"height\":1367,\"caption\":\"alt=\\\"Curso online de arm\u00f3nica pr\u00e1ctica en afinaciones A y C\\\"\"},{\"@type\":\"BreadcrumbList\",\"@id\":\"https:\/\/gonzaloaraya.com\/product\/10-licks-de-armonica-blues\/#breadcrumb\",\"itemListElement\":[{\"@type\":\"ListItem\",\"position\":1,\"name\":\"Portada\",\"item\":\"https:\/\/gonzaloaraya.com\/\"},{\"@type\":\"ListItem\",\"position\":2,\"name\":\"Cursos \/ Clases\",\"item\":\"https:\/\/gonzaloaraya.com\/cursos-clases\/\"},{\"@type\":\"ListItem\",\"position\":3,\"name\":\"10 licks de arm\u00f3nica Blues\"}]},{\"@type\":\"WebSite\",\"@id\":\"https:\/\/gonzaloaraya.com\/#website\",\"url\":\"https:\/\/gonzaloaraya.com\/\",\"name\":\"Gonzalo Araya\",\"description\":\"Musico\",\"publisher\":{\"@id\":\"https:\/\/gonzaloaraya.com\/#\/schema\/person\/795efa3c2bac074246d8a8684d35b7de\"},\"potentialAction\":[{\"@type\":\"SearchAction\",\"target\":{\"@type\":\"EntryPoint\",\"urlTemplate\":\"https:\/\/gonzaloaraya.com\/?s={search_term_string}\"},\"query-input\":{\"@type\":\"PropertyValueSpecification\",\"valueRequired\":true,\"valueName\":\"search_term_string\"}}],\"inLanguage\":\"pt-BR\"},{\"@type\":[\"Person\",\"Organization\"],\"@id\":\"https:\/\/gonzaloaraya.com\/#\/schema\/person\/795efa3c2bac074246d8a8684d35b7de\",\"name\":\"gonzaraya\",\"image\":{\"@type\":\"ImageObject\",\"inLanguage\":\"pt-BR\",\"@id\":\"https:\/\/gonzaloaraya.com\/#\/schema\/person\/image\/\",\"url\":\"https:\/\/gonzaloaraya.com\/wp-content\/uploads\/2025\/05\/Logo-opcion-1-sin-fondo.png\",\"contentUrl\":\"https:\/\/gonzaloaraya.com\/wp-content\/uploads\/2025\/05\/Logo-opcion-1-sin-fondo.png\",\"width\":500,\"height\":500,\"caption\":\"gonzaraya\"},\"logo\":{\"@id\":\"https:\/\/gonzaloaraya.com\/#\/schema\/person\/image\/\"},\"sameAs\":[\"http:\/\/gonzaloaraya.com\"]}]}<\/script>\n<!-- \/ Yoast SEO Premium plugin. -->","yoast_head_json":{"title":"10 Licks de Arm\u00f3nica Blues \u2013 Curso Online","description":"Aprende 10 licks esenciales de arm\u00f3nica blues en este curso expr\u00e9s online. Ideal para mejorar fraseo, ritmo y expresividad. \u00a1Empieza hoy mismo!","robots":{"index":"index","follow":"follow","max-snippet":"max-snippet:-1","max-image-preview":"max-image-preview:large","max-video-preview":"max-video-preview:-1"},"canonical":"https:\/\/gonzaloaraya.com\/pt\/product\/10-licks-de-armonica-blues\/","og_locale":"pt_BR","og_type":"article","og_title":"10 licks de arm\u00f3nica Blues","og_description":"Aprende 10 licks esenciales de arm\u00f3nica blues en este curso expr\u00e9s online. Ideal para mejorar fraseo, ritmo y expresividad. \u00a1Empieza hoy mismo!","og_url":"https:\/\/gonzaloaraya.com\/pt\/product\/10-licks-de-armonica-blues\/","og_site_name":"Gonzalo Araya","article_modified_time":"2026-03-13T12:58:14+00:00","og_image":[{"width":2048,"height":1367,"url":"https:\/\/gonzaloaraya.com\/wp-content\/uploads\/2025\/05\/20250406_021216129_iOS.jpg","type":"image\/jpeg"}],"twitter_card":"summary_large_image","twitter_misc":{"Est. tempo de leitura":"2 minutos"},"schema":{"@context":"https:\/\/schema.org","@graph":[{"@type":"WebPage","@id":"https:\/\/gonzaloaraya.com\/product\/10-licks-de-armonica-blues\/","url":"https:\/\/gonzaloaraya.com\/product\/10-licks-de-armonica-blues\/","name":"10 Licks de Arm\u00f3nica Blues \u2013 Curso Online","isPartOf":{"@id":"https:\/\/gonzaloaraya.com\/#website"},"primaryImageOfPage":{"@id":"https:\/\/gonzaloaraya.com\/product\/10-licks-de-armonica-blues\/#primaryimage"},"image":{"@id":"https:\/\/gonzaloaraya.com\/product\/10-licks-de-armonica-blues\/#primaryimage"},"thumbnailUrl":"https:\/\/gonzaloaraya.com\/wp-content\/uploads\/2025\/05\/20250406_021216129_iOS.jpg","datePublished":"2025-06-13T02:00:55+00:00","dateModified":"2026-03-13T12:58:14+00:00","description":"Aprende 10 licks esenciales de arm\u00f3nica blues en este curso expr\u00e9s online. Ideal para mejorar fraseo, ritmo y expresividad. \u00a1Empieza hoy mismo!","breadcrumb":{"@id":"https:\/\/gonzaloaraya.com\/product\/10-licks-de-armonica-blues\/#breadcrumb"},"inLanguage":"pt-BR","potentialAction":[{"@type":"ReadAction","target":["https:\/\/gonzaloaraya.com\/product\/10-licks-de-armonica-blues\/"]}]},{"@type":"ImageObject","inLanguage":"pt-BR","@id":"https:\/\/gonzaloaraya.com\/product\/10-licks-de-armonica-blues\/#primaryimage","url":"https:\/\/gonzaloaraya.com\/wp-content\/uploads\/2025\/05\/20250406_021216129_iOS.jpg","contentUrl":"https:\/\/gonzaloaraya.com\/wp-content\/uploads\/2025\/05\/20250406_021216129_iOS.jpg","width":2048,"height":1367,"caption":"alt=\"Curso online de arm\u00f3nica pr\u00e1ctica en afinaciones A y C\""},{"@type":"BreadcrumbList","@id":"https:\/\/gonzaloaraya.com\/product\/10-licks-de-armonica-blues\/#breadcrumb","itemListElement":[{"@type":"ListItem","position":1,"name":"Portada","item":"https:\/\/gonzaloaraya.com\/"},{"@type":"ListItem","position":2,"name":"Cursos \/ Clases","item":"https:\/\/gonzaloaraya.com\/cursos-clases\/"},{"@type":"ListItem","position":3,"name":"10 licks de arm\u00f3nica Blues"}]},{"@type":"WebSite","@id":"https:\/\/gonzaloaraya.com\/#website","url":"https:\/\/gonzaloaraya.com\/","name":"Gonzalo Araya","description":"Musico","publisher":{"@id":"https:\/\/gonzaloaraya.com\/#\/schema\/person\/795efa3c2bac074246d8a8684d35b7de"},"potentialAction":[{"@type":"SearchAction","target":{"@type":"EntryPoint","urlTemplate":"https:\/\/gonzaloaraya.com\/?s={search_term_string}"},"query-input":{"@type":"PropertyValueSpecification","valueRequired":true,"valueName":"search_term_string"}}],"inLanguage":"pt-BR"},{"@type":["Person","Organization"],"@id":"https:\/\/gonzaloaraya.com\/#\/schema\/person\/795efa3c2bac074246d8a8684d35b7de","name":"gonzaraya","image":{"@type":"ImageObject","inLanguage":"pt-BR","@id":"https:\/\/gonzaloaraya.com\/#\/schema\/person\/image\/","url":"https:\/\/gonzaloaraya.com\/wp-content\/uploads\/2025\/05\/Logo-opcion-1-sin-fondo.png","contentUrl":"https:\/\/gonzaloaraya.com\/wp-content\/uploads\/2025\/05\/Logo-opcion-1-sin-fondo.png","width":500,"height":500,"caption":"gonzaraya"},"logo":{"@id":"https:\/\/gonzaloaraya.com\/#\/schema\/person\/image\/"},"sameAs":["http:\/\/gonzaloaraya.com"]}]}},"_links":{"self":[{"href":"https:\/\/gonzaloaraya.com\/pt\/wp-json\/wp\/v2\/product\/346","targetHints":{"allow":["GET"]}}],"collection":[{"href":"https:\/\/gonzaloaraya.com\/pt\/wp-json\/wp\/v2\/product"}],"about":[{"href":"https:\/\/gonzaloaraya.com\/pt\/wp-json\/wp\/v2\/types\/product"}],"replies":[{"embeddable":true,"href":"https:\/\/gonzaloaraya.com\/pt\/wp-json\/wp\/v2\/comments?post=346"}],"wp:featuredmedia":[{"embeddable":true,"href":"https:\/\/gonzaloaraya.com\/pt\/wp-json\/wp\/v2\/media\/91"}],"wp:attachment":[{"href":"https:\/\/gonzaloaraya.com\/pt\/wp-json\/wp\/v2\/media?parent=346"}],"wp:term":[{"taxonomy":"product_brand","embeddable":true,"href":"https:\/\/gonzaloaraya.com\/pt\/wp-json\/wp\/v2\/product_brand?post=346"},{"taxonomy":"product_cat","embeddable":true,"href":"https:\/\/gonzaloaraya.com\/pt\/wp-json\/wp\/v2\/product_cat?post=346"},{"taxonomy":"product_tag","embeddable":true,"href":"https:\/\/gonzaloaraya.com\/pt\/wp-json\/wp\/v2\/product_tag?post=346"}],"curies":[{"name":"wp","href":"https:\/\/api.w.org\/{rel}","templated":true}]}}