{"id":283,"date":"2025-06-03T05:15:36","date_gmt":"2025-06-03T05:15:36","guid":{"rendered":"https:\/\/gonzaloaraya.com\/?post_type=product&#038;p=283"},"modified":"2026-03-12T12:59:06","modified_gmt":"2026-03-12T12:59:06","slug":"guia-creativa-para-tocar-armonica-ebook","status":"publish","type":"product","link":"https:\/\/gonzaloaraya.com\/pt\/product\/guia-creativa-para-tocar-armonica-ebook\/","title":{"rendered":"Gu\u00eda Creativa para Tocar Arm\u00f3nica \u2013 Aprende con Estilo y Blues (eBook)"},"content":{"rendered":"<h2>Baja la guia Gratis <a href=\"https:\/\/1drv.ms\/b\/c\/53c61f6cde108e36\/IQDlZ4zqOyJQT5vdkCqCZ6ntAQpa-8omd4jUTbNbPRVOjb8?e=nDMDGc\">AQUI<\/a><\/h2>\n<p data-start=\"315\" data-end=\"601\">Este eBook est\u00e1 dise\u00f1ado para ayudarte a aprender con estilo, expresi\u00f3n y t\u00e9cnica, desde cero hasta un nivel avanzado. Es perfecto para quienes desean desarrollar un enfoque musical aut\u00e9ntico, sin caer en m\u00e9todos r\u00edgidos o repetitivos.<\/p>\n<p data-start=\"603\" data-end=\"823\">Desde los primeros soplidos hasta los secretos del bending, la improvisaci\u00f3n, el groove y la exploraci\u00f3n de la arm\u00f3nica crom\u00e1tica, esta gu\u00eda te acompa\u00f1a paso a paso en un viaje musical lleno de estilo, t\u00e9cnica y emoci\u00f3n.<\/p>\n<p data-start=\"825\" data-end=\"991\">\ud83d\udcd8 Incluye cap\u00edtulos progresivos, con consejos de interpretaci\u00f3n, referencias a grandes maestros del blues y recursos pr\u00e1cticos para que desarrolles tu propio sonido. Este material est\u00e1 pensado para acompa\u00f1arte de forma progresiva, con una estructura clara y contenidos enfocados en el aprendizaje real.<\/p>\n<p data-start=\"993\" data-end=\"1180\">&#8211; Apropiado para principiantes y autodidactas<br data-start=\"1034\" data-end=\"1037\" \/>\u00a0-Explicado por un armonicista con m\u00e1s de 30 a\u00f1os de experiencia<br data-start=\"1101\" data-end=\"1104\" \/>\u00a0-Enfoque creativo y f\u00e1cil de seguir<br data-start=\"1140\" data-end=\"1143\" \/>\u00a0-\u00a1L\u00e9elo desde cualquier dispositivo!<\/p>\n<p data-start=\"1182\" data-end=\"1460\">Este eBook no es solo una colecci\u00f3n de ejercicios: es una invitaci\u00f3n a conectar emocionalmente con el instrumento y a descubrir tu propia voz como armonicista. A lo largo del texto, se proponen ejercicios que estimulan la creatividad, el o\u00eddo musical y la expresividad personal.<\/p>\n<p data-start=\"1462\" data-end=\"1657\">Tambi\u00e9n encontrar\u00e1s conceptos clave como el vibrato, tongue blocking, fraseo y din\u00e1mica aplicada al blues y otros g\u00e9neros populares. Todo est\u00e1 explicado con un lenguaje claro, directo y amigable.<\/p>\n<p data-start=\"1659\" data-end=\"1796\">\u00bfQuieres saber m\u00e1s sobre el origen de la arm\u00f3nica? Visita <a class=\"\" href=\"https:\/\/es.wikipedia.org\/wiki\/Armonica\" target=\"_new\" rel=\"noopener\" data-start=\"1717\" data-end=\"1768\">Wikipedia<\/a> para descubrir su historia.<\/p>\n<p data-start=\"1798\" data-end=\"2027\">\ud83d\udc49 Si est\u00e1s comenzando, tambi\u00e9n puedes explorar nuestro <a class=\"\" href=\"https:\/\/gonzaloaraya.com\/pt\/product\/curso-basico-de-armonica-armonicazo-aprende-a-soplar-musica\/\" target=\"_new\" rel=\"noopener\" data-start=\"1854\" data-end=\"1986\">Curso B\u00e1sico de Arm\u00f3nica Armonicazo<\/a>, ideal para complementar tu aprendizaje.<\/p>\n<p data-start=\"2029\" data-end=\"2140\">Este contenido\u00a0es tu puerta de entrada a un universo sonoro lleno de posibilidades.<\/p>\n<hr \/>\n<p>\ud83d\udd25 <strong>No es solo un manual\u2026 es una invitaci\u00f3n a expresarte con m\u00fasica.<\/strong><br \/>\n\u00a1Haz sonar tu alma! \ud83c\udfa4\ud83c\udfb6<\/p>","protected":false},"excerpt":{"rendered":"<p>Baja la guia Gratis AQUI Este eBook est\u00e1 dise\u00f1ado para ayudarte a aprender con estilo, expresi\u00f3n y t\u00e9cnica, desde cero hasta un nivel avanzado. Es perfecto para quienes desean desarrollar un enfoque musical aut\u00e9ntico, sin caer en m\u00e9todos r\u00edgidos o repetitivos. Desde los primeros soplidos hasta los secretos del bending, la improvisaci\u00f3n, el groove y [&hellip;]<\/p>\n","protected":false},"featured_media":285,"comment_status":"open","ping_status":"closed","template":"","meta":[],"product_brand":[],"product_cat":[19],"product_tag":[29,30,28,31],"class_list":{"0":"post-283","1":"product","2":"type-product","3":"status-publish","4":"has-post-thumbnail","6":"product_cat-servicios-digitales","7":"product_tag-blues","8":"product_tag-guia","9":"product_tag-pdf","10":"product_tag-principiantes","12":"first","13":"instock","14":"virtual","15":"purchasable","16":"product-type-simple"},"yoast_head":"<!-- This site is optimized with the Yoast SEO Premium plugin v24.7 (Yoast SEO v27.1.1) - https:\/\/yoast.com\/product\/yoast-seo-premium-wordpress\/ -->\n<title>gu\u00eda para tocar arm\u00f3nica creativa<\/title>\n<meta name=\"description\" content=\"Descubre la gu\u00eda para tocar arm\u00f3nica creativa que te ayudar\u00e1 a dominar t\u00e9cnicas, estilo y expresi\u00f3n desde cero. Ideal para principiantes.\" \/>\n<meta name=\"robots\" content=\"index, follow, max-snippet:-1, max-image-preview:large, max-video-preview:-1\" \/>\n<link rel=\"canonical\" href=\"https:\/\/gonzaloaraya.com\/pt\/product\/guia-creativa-para-tocar-armonica-ebook\/\" \/>\n<meta property=\"og:locale\" content=\"pt_BR\" \/>\n<meta property=\"og:type\" content=\"article\" \/>\n<meta property=\"og:title\" content=\"Gu\u00eda Creativa para Tocar Arm\u00f3nica \u2013 Aprende con Estilo y Blues (eBook)\" \/>\n<meta property=\"og:description\" content=\"Descubre la gu\u00eda para tocar arm\u00f3nica creativa que te ayudar\u00e1 a dominar t\u00e9cnicas, estilo y expresi\u00f3n desde cero. Ideal para principiantes.\" \/>\n<meta property=\"og:url\" content=\"https:\/\/gonzaloaraya.com\/pt\/product\/guia-creativa-para-tocar-armonica-ebook\/\" \/>\n<meta property=\"og:site_name\" content=\"Gonzalo Araya\" \/>\n<meta property=\"article:modified_time\" content=\"2026-03-12T12:59:06+00:00\" \/>\n<meta property=\"og:image\" content=\"https:\/\/gonzaloaraya.com\/wp-content\/uploads\/2025\/06\/Portada-Guia-creativa-para-tocar-armonica.png\" \/>\n\t<meta property=\"og:image:width\" content=\"626\" \/>\n\t<meta property=\"og:image:height\" content=\"813\" \/>\n\t<meta property=\"og:image:type\" content=\"image\/png\" \/>\n<meta name=\"twitter:card\" content=\"summary_large_image\" \/>\n<meta name=\"twitter:label1\" content=\"Est. tempo de leitura\" \/>\n\t<meta name=\"twitter:data1\" content=\"2 minutos\" \/>\n<script type=\"application\/ld+json\" class=\"yoast-schema-graph\">{\"@context\":\"https:\/\/schema.org\",\"@graph\":[{\"@type\":\"WebPage\",\"@id\":\"https:\/\/gonzaloaraya.com\/product\/guia-creativa-para-tocar-armonica-ebook\/\",\"url\":\"https:\/\/gonzaloaraya.com\/product\/guia-creativa-para-tocar-armonica-ebook\/\",\"name\":\"gu\u00eda para tocar arm\u00f3nica creativa\",\"isPartOf\":{\"@id\":\"https:\/\/gonzaloaraya.com\/#website\"},\"primaryImageOfPage\":{\"@id\":\"https:\/\/gonzaloaraya.com\/product\/guia-creativa-para-tocar-armonica-ebook\/#primaryimage\"},\"image\":{\"@id\":\"https:\/\/gonzaloaraya.com\/product\/guia-creativa-para-tocar-armonica-ebook\/#primaryimage\"},\"thumbnailUrl\":\"https:\/\/gonzaloaraya.com\/wp-content\/uploads\/2025\/06\/Portada-Guia-creativa-para-tocar-armonica.png\",\"datePublished\":\"2025-06-03T05:15:36+00:00\",\"dateModified\":\"2026-03-12T12:59:06+00:00\",\"description\":\"Descubre la gu\u00eda para tocar arm\u00f3nica creativa que te ayudar\u00e1 a dominar t\u00e9cnicas, estilo y expresi\u00f3n desde cero. Ideal para principiantes.\",\"breadcrumb\":{\"@id\":\"https:\/\/gonzaloaraya.com\/product\/guia-creativa-para-tocar-armonica-ebook\/#breadcrumb\"},\"inLanguage\":\"pt-BR\",\"potentialAction\":[{\"@type\":\"ReadAction\",\"target\":[\"https:\/\/gonzaloaraya.com\/product\/guia-creativa-para-tocar-armonica-ebook\/\"]}]},{\"@type\":\"ImageObject\",\"inLanguage\":\"pt-BR\",\"@id\":\"https:\/\/gonzaloaraya.com\/product\/guia-creativa-para-tocar-armonica-ebook\/#primaryimage\",\"url\":\"https:\/\/gonzaloaraya.com\/wp-content\/uploads\/2025\/06\/Portada-Guia-creativa-para-tocar-armonica.png\",\"contentUrl\":\"https:\/\/gonzaloaraya.com\/wp-content\/uploads\/2025\/06\/Portada-Guia-creativa-para-tocar-armonica.png\",\"width\":626,\"height\":813,\"caption\":\"Gu\u00eda para tocar arm\u00f3nica creativa \u2013 eBook para aprender desde cero\"},{\"@type\":\"BreadcrumbList\",\"@id\":\"https:\/\/gonzaloaraya.com\/product\/guia-creativa-para-tocar-armonica-ebook\/#breadcrumb\",\"itemListElement\":[{\"@type\":\"ListItem\",\"position\":1,\"name\":\"Portada\",\"item\":\"https:\/\/gonzaloaraya.com\/\"},{\"@type\":\"ListItem\",\"position\":2,\"name\":\"Cursos \/ Clases\",\"item\":\"https:\/\/gonzaloaraya.com\/cursos-clases\/\"},{\"@type\":\"ListItem\",\"position\":3,\"name\":\"Gu\u00eda Creativa para Tocar Arm\u00f3nica \u2013 Aprende con Estilo y Blues (eBook)\"}]},{\"@type\":\"WebSite\",\"@id\":\"https:\/\/gonzaloaraya.com\/#website\",\"url\":\"https:\/\/gonzaloaraya.com\/\",\"name\":\"Gonzalo Araya\",\"description\":\"Musico\",\"publisher\":{\"@id\":\"https:\/\/gonzaloaraya.com\/#\/schema\/person\/795efa3c2bac074246d8a8684d35b7de\"},\"potentialAction\":[{\"@type\":\"SearchAction\",\"target\":{\"@type\":\"EntryPoint\",\"urlTemplate\":\"https:\/\/gonzaloaraya.com\/?s={search_term_string}\"},\"query-input\":{\"@type\":\"PropertyValueSpecification\",\"valueRequired\":true,\"valueName\":\"search_term_string\"}}],\"inLanguage\":\"pt-BR\"},{\"@type\":[\"Person\",\"Organization\"],\"@id\":\"https:\/\/gonzaloaraya.com\/#\/schema\/person\/795efa3c2bac074246d8a8684d35b7de\",\"name\":\"gonzaraya\",\"image\":{\"@type\":\"ImageObject\",\"inLanguage\":\"pt-BR\",\"@id\":\"https:\/\/gonzaloaraya.com\/#\/schema\/person\/image\/\",\"url\":\"https:\/\/gonzaloaraya.com\/wp-content\/uploads\/2025\/05\/Logo-opcion-1-sin-fondo.png\",\"contentUrl\":\"https:\/\/gonzaloaraya.com\/wp-content\/uploads\/2025\/05\/Logo-opcion-1-sin-fondo.png\",\"width\":500,\"height\":500,\"caption\":\"gonzaraya\"},\"logo\":{\"@id\":\"https:\/\/gonzaloaraya.com\/#\/schema\/person\/image\/\"},\"sameAs\":[\"http:\/\/gonzaloaraya.com\"]}]}<\/script>\n<!-- \/ Yoast SEO Premium plugin. -->","yoast_head_json":{"title":"gu\u00eda para tocar arm\u00f3nica creativa","description":"Descubre la gu\u00eda para tocar arm\u00f3nica creativa que te ayudar\u00e1 a dominar t\u00e9cnicas, estilo y expresi\u00f3n desde cero. Ideal para principiantes.","robots":{"index":"index","follow":"follow","max-snippet":"max-snippet:-1","max-image-preview":"max-image-preview:large","max-video-preview":"max-video-preview:-1"},"canonical":"https:\/\/gonzaloaraya.com\/pt\/product\/guia-creativa-para-tocar-armonica-ebook\/","og_locale":"pt_BR","og_type":"article","og_title":"Gu\u00eda Creativa para Tocar Arm\u00f3nica \u2013 Aprende con Estilo y Blues (eBook)","og_description":"Descubre la gu\u00eda para tocar arm\u00f3nica creativa que te ayudar\u00e1 a dominar t\u00e9cnicas, estilo y expresi\u00f3n desde cero. Ideal para principiantes.","og_url":"https:\/\/gonzaloaraya.com\/pt\/product\/guia-creativa-para-tocar-armonica-ebook\/","og_site_name":"Gonzalo Araya","article_modified_time":"2026-03-12T12:59:06+00:00","og_image":[{"width":626,"height":813,"url":"https:\/\/gonzaloaraya.com\/wp-content\/uploads\/2025\/06\/Portada-Guia-creativa-para-tocar-armonica.png","type":"image\/png"}],"twitter_card":"summary_large_image","twitter_misc":{"Est. tempo de leitura":"2 minutos"},"schema":{"@context":"https:\/\/schema.org","@graph":[{"@type":"WebPage","@id":"https:\/\/gonzaloaraya.com\/product\/guia-creativa-para-tocar-armonica-ebook\/","url":"https:\/\/gonzaloaraya.com\/product\/guia-creativa-para-tocar-armonica-ebook\/","name":"gu\u00eda para tocar arm\u00f3nica creativa","isPartOf":{"@id":"https:\/\/gonzaloaraya.com\/#website"},"primaryImageOfPage":{"@id":"https:\/\/gonzaloaraya.com\/product\/guia-creativa-para-tocar-armonica-ebook\/#primaryimage"},"image":{"@id":"https:\/\/gonzaloaraya.com\/product\/guia-creativa-para-tocar-armonica-ebook\/#primaryimage"},"thumbnailUrl":"https:\/\/gonzaloaraya.com\/wp-content\/uploads\/2025\/06\/Portada-Guia-creativa-para-tocar-armonica.png","datePublished":"2025-06-03T05:15:36+00:00","dateModified":"2026-03-12T12:59:06+00:00","description":"Descubre la gu\u00eda para tocar arm\u00f3nica creativa que te ayudar\u00e1 a dominar t\u00e9cnicas, estilo y expresi\u00f3n desde cero. Ideal para principiantes.","breadcrumb":{"@id":"https:\/\/gonzaloaraya.com\/product\/guia-creativa-para-tocar-armonica-ebook\/#breadcrumb"},"inLanguage":"pt-BR","potentialAction":[{"@type":"ReadAction","target":["https:\/\/gonzaloaraya.com\/product\/guia-creativa-para-tocar-armonica-ebook\/"]}]},{"@type":"ImageObject","inLanguage":"pt-BR","@id":"https:\/\/gonzaloaraya.com\/product\/guia-creativa-para-tocar-armonica-ebook\/#primaryimage","url":"https:\/\/gonzaloaraya.com\/wp-content\/uploads\/2025\/06\/Portada-Guia-creativa-para-tocar-armonica.png","contentUrl":"https:\/\/gonzaloaraya.com\/wp-content\/uploads\/2025\/06\/Portada-Guia-creativa-para-tocar-armonica.png","width":626,"height":813,"caption":"Gu\u00eda para tocar arm\u00f3nica creativa \u2013 eBook para aprender desde cero"},{"@type":"BreadcrumbList","@id":"https:\/\/gonzaloaraya.com\/product\/guia-creativa-para-tocar-armonica-ebook\/#breadcrumb","itemListElement":[{"@type":"ListItem","position":1,"name":"Portada","item":"https:\/\/gonzaloaraya.com\/"},{"@type":"ListItem","position":2,"name":"Cursos \/ Clases","item":"https:\/\/gonzaloaraya.com\/cursos-clases\/"},{"@type":"ListItem","position":3,"name":"Gu\u00eda Creativa para Tocar Arm\u00f3nica \u2013 Aprende con Estilo y Blues (eBook)"}]},{"@type":"WebSite","@id":"https:\/\/gonzaloaraya.com\/#website","url":"https:\/\/gonzaloaraya.com\/","name":"Gonzalo Araya","description":"Musico","publisher":{"@id":"https:\/\/gonzaloaraya.com\/#\/schema\/person\/795efa3c2bac074246d8a8684d35b7de"},"potentialAction":[{"@type":"SearchAction","target":{"@type":"EntryPoint","urlTemplate":"https:\/\/gonzaloaraya.com\/?s={search_term_string}"},"query-input":{"@type":"PropertyValueSpecification","valueRequired":true,"valueName":"search_term_string"}}],"inLanguage":"pt-BR"},{"@type":["Person","Organization"],"@id":"https:\/\/gonzaloaraya.com\/#\/schema\/person\/795efa3c2bac074246d8a8684d35b7de","name":"gonzaraya","image":{"@type":"ImageObject","inLanguage":"pt-BR","@id":"https:\/\/gonzaloaraya.com\/#\/schema\/person\/image\/","url":"https:\/\/gonzaloaraya.com\/wp-content\/uploads\/2025\/05\/Logo-opcion-1-sin-fondo.png","contentUrl":"https:\/\/gonzaloaraya.com\/wp-content\/uploads\/2025\/05\/Logo-opcion-1-sin-fondo.png","width":500,"height":500,"caption":"gonzaraya"},"logo":{"@id":"https:\/\/gonzaloaraya.com\/#\/schema\/person\/image\/"},"sameAs":["http:\/\/gonzaloaraya.com"]}]}},"_links":{"self":[{"href":"https:\/\/gonzaloaraya.com\/pt\/wp-json\/wp\/v2\/product\/283","targetHints":{"allow":["GET"]}}],"collection":[{"href":"https:\/\/gonzaloaraya.com\/pt\/wp-json\/wp\/v2\/product"}],"about":[{"href":"https:\/\/gonzaloaraya.com\/pt\/wp-json\/wp\/v2\/types\/product"}],"replies":[{"embeddable":true,"href":"https:\/\/gonzaloaraya.com\/pt\/wp-json\/wp\/v2\/comments?post=283"}],"wp:featuredmedia":[{"embeddable":true,"href":"https:\/\/gonzaloaraya.com\/pt\/wp-json\/wp\/v2\/media\/285"}],"wp:attachment":[{"href":"https:\/\/gonzaloaraya.com\/pt\/wp-json\/wp\/v2\/media?parent=283"}],"wp:term":[{"taxonomy":"product_brand","embeddable":true,"href":"https:\/\/gonzaloaraya.com\/pt\/wp-json\/wp\/v2\/product_brand?post=283"},{"taxonomy":"product_cat","embeddable":true,"href":"https:\/\/gonzaloaraya.com\/pt\/wp-json\/wp\/v2\/product_cat?post=283"},{"taxonomy":"product_tag","embeddable":true,"href":"https:\/\/gonzaloaraya.com\/pt\/wp-json\/wp\/v2\/product_tag?post=283"}],"curies":[{"name":"wp","href":"https:\/\/api.w.org\/{rel}","templated":true}]}}