{"id":59,"date":"2025-05-13T00:42:49","date_gmt":"2025-05-13T00:42:49","guid":{"rendered":"https:\/\/gonzaloaraya.com\/?page_id=59"},"modified":"2025-06-12T13:50:03","modified_gmt":"2025-06-12T13:50:03","slug":"quienes-somos","status":"publish","type":"page","link":"https:\/\/gonzaloaraya.com\/pt\/quienes-somos\/","title":{"rendered":"Quem somos n\u00f3s?"},"content":{"rendered":"<div data-elementor-type=\"wp-page\" data-elementor-id=\"59\" class=\"elementor elementor-59\" data-elementor-post-type=\"page\">\n\t\t\t\t\t\t<section class=\"elementor-section elementor-top-section elementor-element elementor-element-c516aa8 elementor-section-height-min-height elementor-section-boxed elementor-section-height-default elementor-section-items-middle\" data-id=\"c516aa8\" data-element_type=\"section\" data-e-type=\"section\" data-settings=\"{&quot;background_background&quot;:&quot;classic&quot;}\">\n\t\t\t\t\t\t\t<div class=\"elementor-background-overlay\"><\/div>\n\t\t\t\t\t\t\t<div class=\"elementor-container elementor-column-gap-default\">\n\t\t\t\t\t<div class=\"elementor-column elementor-col-100 elementor-top-column elementor-element elementor-element-2a69a05b\" data-id=\"2a69a05b\" data-element_type=\"column\" data-e-type=\"column\">\n\t\t\t<div class=\"elementor-widget-wrap elementor-element-populated\">\n\t\t\t\t\t\t<div class=\"elementor-element elementor-element-187b660f elementor-invisible elementor-widget elementor-widget-heading\" data-id=\"187b660f\" data-element_type=\"widget\" data-e-type=\"widget\" data-settings=\"{&quot;_animation&quot;:&quot;fadeInLeft&quot;}\" data-widget_type=\"heading.default\">\n\t\t\t\t<div class=\"elementor-widget-container\">\n\t\t\t\t\t<h2 class=\"elementor-heading-title elementor-size-default\">QUEM SOMOS N\u00d3S?<\/h2>\t\t\t\t<\/div>\n\t\t\t\t<\/div>\n\t\t\t\t<div class=\"elementor-element elementor-element-5e29ce8e elementor-invisible elementor-widget elementor-widget-heading\" data-id=\"5e29ce8e\" data-element_type=\"widget\" data-e-type=\"widget\" data-settings=\"{&quot;_animation&quot;:&quot;fadeInLeft&quot;}\" data-widget_type=\"heading.default\">\n\t\t\t\t<div class=\"elementor-widget-container\">\n\t\t\t\t\t<h2 class=\"elementor-heading-title elementor-size-default\">GONZALO ARAYA<\/h2>\t\t\t\t<\/div>\n\t\t\t\t<\/div>\n\t\t\t\t<div class=\"elementor-element elementor-element-1a303a1c elementor-widget elementor-widget-text-editor\" data-id=\"1a303a1c\" data-element_type=\"widget\" data-e-type=\"widget\" data-widget_type=\"text-editor.default\">\n\t\t\t\t<div class=\"elementor-widget-container\">\n\t\t\t\t\t\t\t\t\t<p>Somos uma escola de gaita fundada por Gonzalo Araya, perto de atlanta profissional com mais <br \/>de 30 anos de experi\u00eancia em cen\u00e1rios internacionais e docente dedicado \u00e0 divulga\u00e7\u00e3o do <br \/>blues. Compartimos la pasi\u00f3n por este instrumento peque\u00f1o pero poderoso, y creemos en el <br \/>aprendizagem acess\u00edvel, pr\u00f3xima e de qualidade.<\/p>\t\t\t\t\t\t\t\t<\/div>\n\t\t\t\t<\/div>\n\t\t\t\t<section class=\"elementor-section elementor-inner-section elementor-element elementor-element-99c0ad6 elementor-section-boxed elementor-section-height-default elementor-section-height-default\" data-id=\"99c0ad6\" data-element_type=\"section\" data-e-type=\"section\">\n\t\t\t\t\t\t<div class=\"elementor-container elementor-column-gap-default\">\n\t\t\t\t\t<div class=\"elementor-column elementor-col-50 elementor-inner-column elementor-element elementor-element-c0c88cd\" data-id=\"c0c88cd\" data-element_type=\"column\" data-e-type=\"column\">\n\t\t\t<div class=\"elementor-widget-wrap elementor-element-populated\">\n\t\t\t\t\t\t<div class=\"elementor-element elementor-element-2a8134a0 elementor-invisible elementor-widget elementor-widget-heading\" data-id=\"2a8134a0\" data-element_type=\"widget\" data-e-type=\"widget\" data-settings=\"{&quot;_animation&quot;:&quot;fadeInLeft&quot;}\" data-widget_type=\"heading.default\">\n\t\t\t\t<div class=\"elementor-widget-container\">\n\t\t\t\t\t<h2 class=\"elementor-heading-title elementor-size-default\">O que fazemos?<\/h2>\t\t\t\t<\/div>\n\t\t\t\t<\/div>\n\t\t\t\t<div class=\"elementor-element elementor-element-7ff34ee5 elementor-widget elementor-widget-text-editor\" data-id=\"7ff34ee5\" data-element_type=\"widget\" data-e-type=\"widget\" data-widget_type=\"text-editor.default\">\n\t\t\t\t<div class=\"elementor-widget-container\">\n\t\t\t\t\t\t\t\t\t<p>Ofrecemos clases online de arm\u00f3nica, cursos digitales en espa\u00f1ol, portugu\u00e9s e ingl\u00e9s, y materiales exclusivos como videos, tablaturas y recursos descargables. Ense\u00f1amos t\u00e9cnicas tradicionales y modernas para quienes quieren tocar blues, aprender desde cero o perfeccionar su estilo. Tambi\u00e9n realizamos contenido educativo en redes sociales para difundir <br \/>la arm\u00f3nica en Latinoam\u00e9rica y el mundo.<\/p>\t\t\t\t\t\t\t\t<\/div>\n\t\t\t\t<\/div>\n\t\t\t\t\t<\/div>\n\t\t<\/div>\n\t\t\t\t<div class=\"elementor-column elementor-col-50 elementor-inner-column elementor-element elementor-element-6111c54\" data-id=\"6111c54\" data-element_type=\"column\" data-e-type=\"column\">\n\t\t\t<div class=\"elementor-widget-wrap elementor-element-populated\">\n\t\t\t\t\t\t<div class=\"elementor-element elementor-element-502f20c elementor-invisible elementor-widget elementor-widget-heading\" data-id=\"502f20c\" data-element_type=\"widget\" data-e-type=\"widget\" data-settings=\"{&quot;_animation&quot;:&quot;fadeInLeft&quot;}\" data-widget_type=\"heading.default\">\n\t\t\t\t<div class=\"elementor-widget-container\">\n\t\t\t\t\t<h2 class=\"elementor-heading-title elementor-size-default\">Nossa vis\u00e3o<\/h2>\t\t\t\t<\/div>\n\t\t\t\t<\/div>\n\t\t\t\t<div class=\"elementor-element elementor-element-8ac5a2e elementor-widget elementor-widget-text-editor\" data-id=\"8ac5a2e\" data-element_type=\"widget\" data-e-type=\"widget\" data-widget_type=\"text-editor.default\">\n\t\t\t\t<div class=\"elementor-widget-container\">\n\t\t\t\t\t\t\t\t\t<p>Queremos posicionar a gaita como um instrumento de protagonista na m\u00fasica popular e de raiz, proporcionando educa\u00e7\u00e3o acess\u00edvel e profissional para alunos de todas as idades.<br \/>Nuestra visi\u00f3n es crear una comunidad global de amantes de la arm\u00f3nica, impulsando la cultura del blues y la ense\u00f1anza musical online de manera creativa y sostenible.<\/p>\t\t\t\t\t\t\t\t<\/div>\n\t\t\t\t<\/div>\n\t\t\t\t\t<\/div>\n\t\t<\/div>\n\t\t\t\t\t<\/div>\n\t\t<\/section>\n\t\t\t\t<div class=\"elementor-element elementor-element-bd0346e elementor-widget-divider--view-line elementor-invisible elementor-widget elementor-widget-divider\" data-id=\"bd0346e\" data-element_type=\"widget\" data-e-type=\"widget\" data-settings=\"{&quot;_animation&quot;:&quot;fadeInUp&quot;}\" data-widget_type=\"divider.default\">\n\t\t\t\t<div class=\"elementor-widget-container\">\n\t\t\t\t\t\t\t<div class=\"elementor-divider\">\n\t\t\t<span class=\"elementor-divider-separator\">\n\t\t\t\t\t\t<\/span>\n\t\t<\/div>\n\t\t\t\t\t\t<\/div>\n\t\t\t\t<\/div>\n\t\t\t\t\t<\/div>\n\t\t<\/div>\n\t\t\t\t\t<\/div>\n\t\t<\/section>\n\t\t\t\t<\/div>","protected":false},"excerpt":{"rendered":"<p>\u00bfQUI\u00c9NES SOMOS? GONZALO ARAYA Somos una escuela de arm\u00f3nica fundada por Gonzalo Araya, armonicista profesional con m\u00e1s de 30 a\u00f1os de experiencia en escenarios internacionales y docente dedicado a la difusi\u00f3n del blues. Compartimos la pasi\u00f3n por este instrumento peque\u00f1o pero poderoso, y creemos en el aprendizaje accesible, cercano y de calidad. \u00bfQu\u00e9 hacemos? Ofrecemos [&hellip;]<\/p>\n","protected":false},"author":1,"featured_media":0,"parent":0,"menu_order":0,"comment_status":"closed","ping_status":"closed","template":"elementor_header_footer","meta":{"footnotes":""},"class_list":["post-59","page","type-page","status-publish","hentry"],"yoast_head":"<!-- This site is optimized with the Yoast SEO Premium plugin v24.7 (Yoast SEO v27.1.1) - https:\/\/yoast.com\/product\/yoast-seo-premium-wordpress\/ -->\n<title>\u00bfQui\u00e9nes somos? - Gonzalo Araya<\/title>\n<meta name=\"description\" content=\"Conoce a Gonzalo Araya, armonicista profesional con m\u00e1s de 30 a\u00f1os de experiencia. Profesor, m\u00fasico de sesi\u00f3n y embajador de la marca Hohner.\" \/>\n<meta name=\"robots\" content=\"index, follow, max-snippet:-1, max-image-preview:large, max-video-preview:-1\" \/>\n<link rel=\"canonical\" href=\"https:\/\/gonzaloaraya.com\/pt\/quienes-somos\/\" \/>\n<meta property=\"og:locale\" content=\"pt_BR\" \/>\n<meta property=\"og:type\" content=\"article\" \/>\n<meta property=\"og:title\" content=\"\u00bfQui\u00e9nes somos?\" \/>\n<meta property=\"og:description\" content=\"Conoce a Gonzalo Araya, armonicista profesional con m\u00e1s de 30 a\u00f1os de experiencia. Profesor, m\u00fasico de sesi\u00f3n y embajador de la marca Hohner.\" \/>\n<meta property=\"og:url\" content=\"https:\/\/gonzaloaraya.com\/pt\/quienes-somos\/\" \/>\n<meta property=\"og:site_name\" content=\"Gonzalo Araya\" \/>\n<meta property=\"article:modified_time\" content=\"2025-06-12T13:50:03+00:00\" \/>\n<meta name=\"twitter:card\" content=\"summary_large_image\" \/>\n<meta name=\"twitter:label1\" content=\"Est. tempo de leitura\" \/>\n\t<meta name=\"twitter:data1\" content=\"1 minuto\" \/>\n<script type=\"application\/ld+json\" class=\"yoast-schema-graph\">{\"@context\":\"https:\/\/schema.org\",\"@graph\":[{\"@type\":\"WebPage\",\"@id\":\"https:\/\/gonzaloaraya.com\/quienes-somos\/\",\"url\":\"https:\/\/gonzaloaraya.com\/quienes-somos\/\",\"name\":\"\u00bfQui\u00e9nes somos? - Gonzalo Araya\",\"isPartOf\":{\"@id\":\"https:\/\/gonzaloaraya.com\/#website\"},\"datePublished\":\"2025-05-13T00:42:49+00:00\",\"dateModified\":\"2025-06-12T13:50:03+00:00\",\"description\":\"Conoce a Gonzalo Araya, armonicista profesional con m\u00e1s de 30 a\u00f1os de experiencia. Profesor, m\u00fasico de sesi\u00f3n y embajador de la marca Hohner.\",\"breadcrumb\":{\"@id\":\"https:\/\/gonzaloaraya.com\/quienes-somos\/#breadcrumb\"},\"inLanguage\":\"pt-BR\",\"potentialAction\":[{\"@type\":\"ReadAction\",\"target\":[\"https:\/\/gonzaloaraya.com\/quienes-somos\/\"]}]},{\"@type\":\"BreadcrumbList\",\"@id\":\"https:\/\/gonzaloaraya.com\/quienes-somos\/#breadcrumb\",\"itemListElement\":[{\"@type\":\"ListItem\",\"position\":1,\"name\":\"Portada\",\"item\":\"https:\/\/gonzaloaraya.com\/\"},{\"@type\":\"ListItem\",\"position\":2,\"name\":\"\u00bfQui\u00e9nes somos?\"}]},{\"@type\":\"WebSite\",\"@id\":\"https:\/\/gonzaloaraya.com\/#website\",\"url\":\"https:\/\/gonzaloaraya.com\/\",\"name\":\"Gonzalo Araya\",\"description\":\"Musico\",\"publisher\":{\"@id\":\"https:\/\/gonzaloaraya.com\/#\/schema\/person\/795efa3c2bac074246d8a8684d35b7de\"},\"potentialAction\":[{\"@type\":\"SearchAction\",\"target\":{\"@type\":\"EntryPoint\",\"urlTemplate\":\"https:\/\/gonzaloaraya.com\/?s={search_term_string}\"},\"query-input\":{\"@type\":\"PropertyValueSpecification\",\"valueRequired\":true,\"valueName\":\"search_term_string\"}}],\"inLanguage\":\"pt-BR\"},{\"@type\":[\"Person\",\"Organization\"],\"@id\":\"https:\/\/gonzaloaraya.com\/#\/schema\/person\/795efa3c2bac074246d8a8684d35b7de\",\"name\":\"gonzaraya\",\"image\":{\"@type\":\"ImageObject\",\"inLanguage\":\"pt-BR\",\"@id\":\"https:\/\/gonzaloaraya.com\/#\/schema\/person\/image\/\",\"url\":\"https:\/\/gonzaloaraya.com\/wp-content\/uploads\/2025\/05\/Logo-opcion-1-sin-fondo.png\",\"contentUrl\":\"https:\/\/gonzaloaraya.com\/wp-content\/uploads\/2025\/05\/Logo-opcion-1-sin-fondo.png\",\"width\":500,\"height\":500,\"caption\":\"gonzaraya\"},\"logo\":{\"@id\":\"https:\/\/gonzaloaraya.com\/#\/schema\/person\/image\/\"},\"sameAs\":[\"http:\/\/gonzaloaraya.com\"]}]}<\/script>\n<!-- \/ Yoast SEO Premium plugin. -->","yoast_head_json":{"title":"\u00bfQui\u00e9nes somos? - Gonzalo Araya","description":"Conoce a Gonzalo Araya, armonicista profesional con m\u00e1s de 30 a\u00f1os de experiencia. Profesor, m\u00fasico de sesi\u00f3n y embajador de la marca Hohner.","robots":{"index":"index","follow":"follow","max-snippet":"max-snippet:-1","max-image-preview":"max-image-preview:large","max-video-preview":"max-video-preview:-1"},"canonical":"https:\/\/gonzaloaraya.com\/pt\/quienes-somos\/","og_locale":"pt_BR","og_type":"article","og_title":"\u00bfQui\u00e9nes somos?","og_description":"Conoce a Gonzalo Araya, armonicista profesional con m\u00e1s de 30 a\u00f1os de experiencia. Profesor, m\u00fasico de sesi\u00f3n y embajador de la marca Hohner.","og_url":"https:\/\/gonzaloaraya.com\/pt\/quienes-somos\/","og_site_name":"Gonzalo Araya","article_modified_time":"2025-06-12T13:50:03+00:00","twitter_card":"summary_large_image","twitter_misc":{"Est. tempo de leitura":"1 minuto"},"schema":{"@context":"https:\/\/schema.org","@graph":[{"@type":"WebPage","@id":"https:\/\/gonzaloaraya.com\/quienes-somos\/","url":"https:\/\/gonzaloaraya.com\/quienes-somos\/","name":"\u00bfQui\u00e9nes somos? - Gonzalo Araya","isPartOf":{"@id":"https:\/\/gonzaloaraya.com\/#website"},"datePublished":"2025-05-13T00:42:49+00:00","dateModified":"2025-06-12T13:50:03+00:00","description":"Conoce a Gonzalo Araya, armonicista profesional con m\u00e1s de 30 a\u00f1os de experiencia. Profesor, m\u00fasico de sesi\u00f3n y embajador de la marca Hohner.","breadcrumb":{"@id":"https:\/\/gonzaloaraya.com\/quienes-somos\/#breadcrumb"},"inLanguage":"pt-BR","potentialAction":[{"@type":"ReadAction","target":["https:\/\/gonzaloaraya.com\/quienes-somos\/"]}]},{"@type":"BreadcrumbList","@id":"https:\/\/gonzaloaraya.com\/quienes-somos\/#breadcrumb","itemListElement":[{"@type":"ListItem","position":1,"name":"Portada","item":"https:\/\/gonzaloaraya.com\/"},{"@type":"ListItem","position":2,"name":"\u00bfQui\u00e9nes somos?"}]},{"@type":"WebSite","@id":"https:\/\/gonzaloaraya.com\/#website","url":"https:\/\/gonzaloaraya.com\/","name":"Gonzalo Araya","description":"Musico","publisher":{"@id":"https:\/\/gonzaloaraya.com\/#\/schema\/person\/795efa3c2bac074246d8a8684d35b7de"},"potentialAction":[{"@type":"SearchAction","target":{"@type":"EntryPoint","urlTemplate":"https:\/\/gonzaloaraya.com\/?s={search_term_string}"},"query-input":{"@type":"PropertyValueSpecification","valueRequired":true,"valueName":"search_term_string"}}],"inLanguage":"pt-BR"},{"@type":["Person","Organization"],"@id":"https:\/\/gonzaloaraya.com\/#\/schema\/person\/795efa3c2bac074246d8a8684d35b7de","name":"gonzaraya","image":{"@type":"ImageObject","inLanguage":"pt-BR","@id":"https:\/\/gonzaloaraya.com\/#\/schema\/person\/image\/","url":"https:\/\/gonzaloaraya.com\/wp-content\/uploads\/2025\/05\/Logo-opcion-1-sin-fondo.png","contentUrl":"https:\/\/gonzaloaraya.com\/wp-content\/uploads\/2025\/05\/Logo-opcion-1-sin-fondo.png","width":500,"height":500,"caption":"gonzaraya"},"logo":{"@id":"https:\/\/gonzaloaraya.com\/#\/schema\/person\/image\/"},"sameAs":["http:\/\/gonzaloaraya.com"]}]}},"_links":{"self":[{"href":"https:\/\/gonzaloaraya.com\/pt\/wp-json\/wp\/v2\/pages\/59","targetHints":{"allow":["GET"]}}],"collection":[{"href":"https:\/\/gonzaloaraya.com\/pt\/wp-json\/wp\/v2\/pages"}],"about":[{"href":"https:\/\/gonzaloaraya.com\/pt\/wp-json\/wp\/v2\/types\/page"}],"author":[{"embeddable":true,"href":"https:\/\/gonzaloaraya.com\/pt\/wp-json\/wp\/v2\/users\/1"}],"replies":[{"embeddable":true,"href":"https:\/\/gonzaloaraya.com\/pt\/wp-json\/wp\/v2\/comments?post=59"}],"version-history":[{"count":19,"href":"https:\/\/gonzaloaraya.com\/pt\/wp-json\/wp\/v2\/pages\/59\/revisions"}],"predecessor-version":[{"id":228,"href":"https:\/\/gonzaloaraya.com\/pt\/wp-json\/wp\/v2\/pages\/59\/revisions\/228"}],"wp:attachment":[{"href":"https:\/\/gonzaloaraya.com\/pt\/wp-json\/wp\/v2\/media?parent=59"}],"curies":[{"name":"wp","href":"https:\/\/api.w.org\/{rel}","templated":true}]}}