{"id":354,"date":"2025-06-16T04:59:19","date_gmt":"2025-06-16T04:59:19","guid":{"rendered":"https:\/\/gonzaloaraya.com\/?post_type=product&#038;p=354"},"modified":"2025-06-28T14:27:26","modified_gmt":"2025-06-28T14:27:26","slug":"disco-gonzalo-araya-y-amigos","status":"publish","type":"product","link":"http:\/\/gonzaloaraya.com\/pt\/product\/disco-gonzalo-araya-y-amigos\/","title":{"rendered":"Disco Gonzalo Araya y Amigos"},"content":{"rendered":"<h1>Gonzalo Araya y Amigos \u2013 Disco grabado en Chile junto a invitados internacionales del blues<\/h1>\n<p><strong>Gonzalo Araya y Amigos<\/strong> es un <strong>disco de blues con artistas internacionales<\/strong>, grabado en 2011 en los reconocidos <a href=\"https:\/\/www.ramonfreire.cl\/\">Estudios Ram\u00f3n Freire<\/a> en Santiago de Chile. Esta producci\u00f3n \u00fanica re\u00fane a m\u00fasicos de renombre nacional e internacional en una celebraci\u00f3n del blues aut\u00e9ntico, con alma, groove y colaboraci\u00f3n de alto nivel.<\/p>\n<h3>\ud83c\udf99Invitados de este disco de blues con artistas internacionales<\/h3>\n<p>El \u00e1lbum cuenta con la participaci\u00f3n especial de grandes nombres de la escena del blues:<\/p>\n<ul>\n<li>\ud83c\udfb8 <a href=\"https:\/\/en.wikipedia.org\/wiki\/Andrew_%22Jr._Boy%22_Jones\">Andrew \u00abJr. Boy\u00bb Jones<\/a> (EE.UU.) \u2013 legendario guitarrista de Texas Blues, exmiembro de la banda de Charlie Musselwhite.<\/li>\n<li>\ud83c\udfa4 Andrea Dawson (EE.UU.) \u2013 poderosa voz del soul y el blues de Texas.<\/li>\n<li>\ud83c\udfb8 <a href=\"https:\/\/www.allmusic.com\/artist\/jos%C3%A9-luis-pardo-mn0003112393\">Jos\u00e9 Luis Pardo<\/a> (Argentina) \u2013 guitarrista referente en la escena Europea.<\/li>\n<li>\ud83c\udfa4 Loreto Canales (Chile) \u2013 destacada vocalista chilena<\/li>\n<li>\ud83c\udf99\ufe0f Felipe Toro (Chile) \u2013 l\u00edder de la banda EL CRUCE y figura clave del blues chileno<\/li>\n<\/ul>\n<h3>\ud83d\udcbf Detalles del disco de blues grabado con m\u00fasicos internacionales<\/h3>\n<p><em>Gonzalo Araya y Amigos<\/em> no es solo un disco: es un testimonio sonoro de una reuni\u00f3n musical sin fronteras. En sus notas se respira el esp\u00edritu del <strong>Chicago Blues<\/strong>, el <strong>West Coast<\/strong> y el <strong>Texas Blues<\/strong>, con arreglos originales y una vibra de jam sesion elevada a producci\u00f3n profesional.<\/p>\n<h3>\ud83d\udd17 \u00bfQuieres profundizar en el mundo del blues?<\/h3>\n<ul>\n<li data-start=\"1846\" data-end=\"2005\">\n<p data-start=\"1848\" data-end=\"2005\">Aprende a tocar este estilo con nuestros<a href=\"https:\/\/gonzaloaraya.com\/pt\/cursos-clases\/\"> cursos de arm\u00f3nica online<\/a>, disponibles en espa\u00f1ol y portugu\u00e9s.<\/p>\n<\/li>\n<li data-start=\"2006\" data-end=\"2161\">\n<p data-start=\"2008\" data-end=\"2161\">\ud83d\udcd8Consigue la<a href=\"https:\/\/gonzaloaraya.com\/pt\/product\/guia-creativa-para-tocar-armonica-ebook\/\"> Gu\u00eda creativa<\/a><a class=\"cursor-pointer\" target=\"_new\" rel=\"noopener\" data-start=\"2023\" data-end=\"2120\"> para tocar arm\u00f3nica<\/a>, un eBook directo, pr\u00e1ctico y motivador.<\/p>\n<\/li>\n<li data-start=\"2162\" data-end=\"2296\">\n<p data-start=\"2164\" data-end=\"2296\">\ud83d\udd25 Mejora tu t\u00e9cnica con el <a class=\"cursor-pointer\" href=\"https:\/\/gonzaloaraya.com\/pt\/product\/combo-cursos-armonica-blues-online\/\" target=\"_new\" rel=\"noopener\" data-start=\"2192\" data-end=\"2295\">Combo 3&#215;1 de cursos de arm\u00f3nica blues<\/a>.<\/p>\n<\/li>\n<li data-start=\"2297\" data-end=\"2412\">\n<p data-start=\"2299\" data-end=\"2412\">\ud83d\uded2 Revisa todo nuestro cat\u00e1logo en la <a class=\"cursor-pointer\" target=\"_new\" rel=\"noopener\" data-start=\"2337\" data-end=\"2411\">tienda de arm\u00f3nicas y cursos online<\/a>.<\/p>\n<\/li>\n<\/ul>\n<h3>\ud83d\udce6 <span style=\"color: #0000ff;\">Formato disponible<\/span><\/h3>\n<p>Disco disponible en <strong>descarga digital inmediata en formato MP3 en alta calidad)<\/strong>.<\/p>\n<p>&nbsp;<\/p>\n<p data-start=\"1710\" data-end=\"1888\">","protected":false},"excerpt":{"rendered":"<p>Gonzalo Araya y Amigos \u2013 Disco grabado en Chile junto a invitados internacionales del blues Gonzalo Araya y Amigos es un disco de blues con artistas internacionales, grabado en 2011 en los reconocidos Estudios Ram\u00f3n Freire en Santiago de Chile. Esta producci\u00f3n \u00fanica re\u00fane a m\u00fasicos de renombre nacional e internacional en una celebraci\u00f3n del [&hellip;]<\/p>\n","protected":false},"featured_media":355,"comment_status":"open","ping_status":"closed","template":"","meta":[],"product_brand":[],"product_cat":[19],"product_tag":[29,30,28,31],"class_list":{"0":"post-354","1":"product","2":"type-product","3":"status-publish","4":"has-post-thumbnail","6":"product_cat-servicios-digitales","7":"product_tag-blues","8":"product_tag-guia","9":"product_tag-pdf","10":"product_tag-principiantes","12":"first","13":"instock","14":"virtual","15":"purchasable","16":"product-type-simple"},"yoast_head":"<!-- This site is optimized with the Yoast SEO Premium plugin v24.7 (Yoast SEO v27.1.1) - https:\/\/yoast.com\/product\/yoast-seo-premium-wordpress\/ -->\n<title>disco de blues con artistas internacionales<\/title>\n<meta name=\"description\" content=\"Disco de blues con artistas internacionales grabado en Chile junto a Andrew Jr. Boy Jones, Andrea Dawson y m\u00e1s. Esc\u00fachalo online y descarga el \u00e1lbum.\" \/>\n<meta name=\"robots\" content=\"index, follow, max-snippet:-1, max-image-preview:large, max-video-preview:-1\" \/>\n<link rel=\"canonical\" href=\"https:\/\/gonzaloaraya.com\/pt\/product\/disco-gonzalo-araya-y-amigos\/\" \/>\n<meta property=\"og:locale\" content=\"pt_BR\" \/>\n<meta property=\"og:type\" content=\"article\" \/>\n<meta property=\"og:title\" content=\"Disco Gonzalo Araya y Amigos\" \/>\n<meta property=\"og:description\" content=\"Disco de blues con artistas internacionales grabado en Chile junto a Andrew Jr. Boy Jones, Andrea Dawson y m\u00e1s. Esc\u00fachalo online y descarga el \u00e1lbum.\" \/>\n<meta property=\"og:url\" content=\"https:\/\/gonzaloaraya.com\/pt\/product\/disco-gonzalo-araya-y-amigos\/\" \/>\n<meta property=\"og:site_name\" content=\"Gonzalo Araya\" \/>\n<meta property=\"article:modified_time\" content=\"2025-06-28T14:27:26+00:00\" \/>\n<meta property=\"og:image\" content=\"https:\/\/gonzaloaraya.com\/wp-content\/uploads\/2025\/06\/Caratula.jpg\" \/>\n\t<meta property=\"og:image:width\" content=\"430\" \/>\n\t<meta property=\"og:image:height\" content=\"430\" \/>\n\t<meta property=\"og:image:type\" content=\"image\/jpeg\" \/>\n<meta name=\"twitter:card\" content=\"summary_large_image\" \/>\n<meta name=\"twitter:label1\" content=\"Est. tempo de leitura\" \/>\n\t<meta name=\"twitter:data1\" content=\"2 minutos\" \/>\n<script type=\"application\/ld+json\" class=\"yoast-schema-graph\">{\"@context\":\"https:\/\/schema.org\",\"@graph\":[{\"@type\":\"WebPage\",\"@id\":\"https:\/\/gonzaloaraya.com\/product\/disco-gonzalo-araya-y-amigos\/\",\"url\":\"https:\/\/gonzaloaraya.com\/product\/disco-gonzalo-araya-y-amigos\/\",\"name\":\"disco de blues con artistas internacionales\",\"isPartOf\":{\"@id\":\"https:\/\/gonzaloaraya.com\/#website\"},\"primaryImageOfPage\":{\"@id\":\"https:\/\/gonzaloaraya.com\/product\/disco-gonzalo-araya-y-amigos\/#primaryimage\"},\"image\":{\"@id\":\"https:\/\/gonzaloaraya.com\/product\/disco-gonzalo-araya-y-amigos\/#primaryimage\"},\"thumbnailUrl\":\"https:\/\/gonzaloaraya.com\/wp-content\/uploads\/2025\/06\/Caratula.jpg\",\"datePublished\":\"2025-06-16T04:59:19+00:00\",\"dateModified\":\"2025-06-28T14:27:26+00:00\",\"description\":\"Disco de blues con artistas internacionales grabado en Chile junto a Andrew Jr. Boy Jones, Andrea Dawson y m\u00e1s. Esc\u00fachalo online y descarga el \u00e1lbum.\",\"breadcrumb\":{\"@id\":\"https:\/\/gonzaloaraya.com\/product\/disco-gonzalo-araya-y-amigos\/#breadcrumb\"},\"inLanguage\":\"pt-BR\",\"potentialAction\":[{\"@type\":\"ReadAction\",\"target\":[\"https:\/\/gonzaloaraya.com\/product\/disco-gonzalo-araya-y-amigos\/\"]}]},{\"@type\":\"ImageObject\",\"inLanguage\":\"pt-BR\",\"@id\":\"https:\/\/gonzaloaraya.com\/product\/disco-gonzalo-araya-y-amigos\/#primaryimage\",\"url\":\"https:\/\/gonzaloaraya.com\/wp-content\/uploads\/2025\/06\/Caratula.jpg\",\"contentUrl\":\"https:\/\/gonzaloaraya.com\/wp-content\/uploads\/2025\/06\/Caratula.jpg\",\"width\":430,\"height\":430,\"caption\":\"Portada del disco Blues Gonzalo Araya y Amigos grabado en 2011 con artistas internacionales de blues\"},{\"@type\":\"BreadcrumbList\",\"@id\":\"https:\/\/gonzaloaraya.com\/product\/disco-gonzalo-araya-y-amigos\/#breadcrumb\",\"itemListElement\":[{\"@type\":\"ListItem\",\"position\":1,\"name\":\"Portada\",\"item\":\"https:\/\/gonzaloaraya.com\/\"},{\"@type\":\"ListItem\",\"position\":2,\"name\":\"Cursos \/ Clases\",\"item\":\"https:\/\/gonzaloaraya.com\/cursos-clases\/\"},{\"@type\":\"ListItem\",\"position\":3,\"name\":\"Disco Gonzalo Araya y Amigos\"}]},{\"@type\":\"WebSite\",\"@id\":\"https:\/\/gonzaloaraya.com\/#website\",\"url\":\"https:\/\/gonzaloaraya.com\/\",\"name\":\"Gonzalo Araya\",\"description\":\"Musico\",\"publisher\":{\"@id\":\"https:\/\/gonzaloaraya.com\/#\/schema\/person\/795efa3c2bac074246d8a8684d35b7de\"},\"potentialAction\":[{\"@type\":\"SearchAction\",\"target\":{\"@type\":\"EntryPoint\",\"urlTemplate\":\"https:\/\/gonzaloaraya.com\/?s={search_term_string}\"},\"query-input\":{\"@type\":\"PropertyValueSpecification\",\"valueRequired\":true,\"valueName\":\"search_term_string\"}}],\"inLanguage\":\"pt-BR\"},{\"@type\":[\"Person\",\"Organization\"],\"@id\":\"https:\/\/gonzaloaraya.com\/#\/schema\/person\/795efa3c2bac074246d8a8684d35b7de\",\"name\":\"gonzaraya\",\"image\":{\"@type\":\"ImageObject\",\"inLanguage\":\"pt-BR\",\"@id\":\"https:\/\/gonzaloaraya.com\/#\/schema\/person\/image\/\",\"url\":\"https:\/\/gonzaloaraya.com\/wp-content\/uploads\/2025\/05\/Logo-opcion-1-sin-fondo.png\",\"contentUrl\":\"https:\/\/gonzaloaraya.com\/wp-content\/uploads\/2025\/05\/Logo-opcion-1-sin-fondo.png\",\"width\":500,\"height\":500,\"caption\":\"gonzaraya\"},\"logo\":{\"@id\":\"https:\/\/gonzaloaraya.com\/#\/schema\/person\/image\/\"},\"sameAs\":[\"http:\/\/gonzaloaraya.com\"]}]}<\/script>\n<!-- \/ Yoast SEO Premium plugin. -->","yoast_head_json":{"title":"disco de blues con artistas internacionales","description":"Disco de blues con artistas internacionales grabado en Chile junto a Andrew Jr. Boy Jones, Andrea Dawson y m\u00e1s. Esc\u00fachalo online y descarga el \u00e1lbum.","robots":{"index":"index","follow":"follow","max-snippet":"max-snippet:-1","max-image-preview":"max-image-preview:large","max-video-preview":"max-video-preview:-1"},"canonical":"https:\/\/gonzaloaraya.com\/pt\/product\/disco-gonzalo-araya-y-amigos\/","og_locale":"pt_BR","og_type":"article","og_title":"Disco Gonzalo Araya y Amigos","og_description":"Disco de blues con artistas internacionales grabado en Chile junto a Andrew Jr. Boy Jones, Andrea Dawson y m\u00e1s. Esc\u00fachalo online y descarga el \u00e1lbum.","og_url":"https:\/\/gonzaloaraya.com\/pt\/product\/disco-gonzalo-araya-y-amigos\/","og_site_name":"Gonzalo Araya","article_modified_time":"2025-06-28T14:27:26+00:00","og_image":[{"width":430,"height":430,"url":"https:\/\/gonzaloaraya.com\/wp-content\/uploads\/2025\/06\/Caratula.jpg","type":"image\/jpeg"}],"twitter_card":"summary_large_image","twitter_misc":{"Est. tempo de leitura":"2 minutos"},"schema":{"@context":"https:\/\/schema.org","@graph":[{"@type":"WebPage","@id":"https:\/\/gonzaloaraya.com\/product\/disco-gonzalo-araya-y-amigos\/","url":"https:\/\/gonzaloaraya.com\/product\/disco-gonzalo-araya-y-amigos\/","name":"disco de blues con artistas internacionales","isPartOf":{"@id":"https:\/\/gonzaloaraya.com\/#website"},"primaryImageOfPage":{"@id":"https:\/\/gonzaloaraya.com\/product\/disco-gonzalo-araya-y-amigos\/#primaryimage"},"image":{"@id":"https:\/\/gonzaloaraya.com\/product\/disco-gonzalo-araya-y-amigos\/#primaryimage"},"thumbnailUrl":"https:\/\/gonzaloaraya.com\/wp-content\/uploads\/2025\/06\/Caratula.jpg","datePublished":"2025-06-16T04:59:19+00:00","dateModified":"2025-06-28T14:27:26+00:00","description":"Disco de blues con artistas internacionales grabado en Chile junto a Andrew Jr. Boy Jones, Andrea Dawson y m\u00e1s. Esc\u00fachalo online y descarga el \u00e1lbum.","breadcrumb":{"@id":"https:\/\/gonzaloaraya.com\/product\/disco-gonzalo-araya-y-amigos\/#breadcrumb"},"inLanguage":"pt-BR","potentialAction":[{"@type":"ReadAction","target":["https:\/\/gonzaloaraya.com\/product\/disco-gonzalo-araya-y-amigos\/"]}]},{"@type":"ImageObject","inLanguage":"pt-BR","@id":"https:\/\/gonzaloaraya.com\/product\/disco-gonzalo-araya-y-amigos\/#primaryimage","url":"https:\/\/gonzaloaraya.com\/wp-content\/uploads\/2025\/06\/Caratula.jpg","contentUrl":"https:\/\/gonzaloaraya.com\/wp-content\/uploads\/2025\/06\/Caratula.jpg","width":430,"height":430,"caption":"Portada del disco Blues Gonzalo Araya y Amigos grabado en 2011 con artistas internacionales de blues"},{"@type":"BreadcrumbList","@id":"https:\/\/gonzaloaraya.com\/product\/disco-gonzalo-araya-y-amigos\/#breadcrumb","itemListElement":[{"@type":"ListItem","position":1,"name":"Portada","item":"https:\/\/gonzaloaraya.com\/"},{"@type":"ListItem","position":2,"name":"Cursos \/ Clases","item":"https:\/\/gonzaloaraya.com\/cursos-clases\/"},{"@type":"ListItem","position":3,"name":"Disco Gonzalo Araya y Amigos"}]},{"@type":"WebSite","@id":"https:\/\/gonzaloaraya.com\/#website","url":"https:\/\/gonzaloaraya.com\/","name":"Gonzalo Araya","description":"Musico","publisher":{"@id":"https:\/\/gonzaloaraya.com\/#\/schema\/person\/795efa3c2bac074246d8a8684d35b7de"},"potentialAction":[{"@type":"SearchAction","target":{"@type":"EntryPoint","urlTemplate":"https:\/\/gonzaloaraya.com\/?s={search_term_string}"},"query-input":{"@type":"PropertyValueSpecification","valueRequired":true,"valueName":"search_term_string"}}],"inLanguage":"pt-BR"},{"@type":["Person","Organization"],"@id":"https:\/\/gonzaloaraya.com\/#\/schema\/person\/795efa3c2bac074246d8a8684d35b7de","name":"gonzaraya","image":{"@type":"ImageObject","inLanguage":"pt-BR","@id":"https:\/\/gonzaloaraya.com\/#\/schema\/person\/image\/","url":"https:\/\/gonzaloaraya.com\/wp-content\/uploads\/2025\/05\/Logo-opcion-1-sin-fondo.png","contentUrl":"https:\/\/gonzaloaraya.com\/wp-content\/uploads\/2025\/05\/Logo-opcion-1-sin-fondo.png","width":500,"height":500,"caption":"gonzaraya"},"logo":{"@id":"https:\/\/gonzaloaraya.com\/#\/schema\/person\/image\/"},"sameAs":["http:\/\/gonzaloaraya.com"]}]}},"_links":{"self":[{"href":"http:\/\/gonzaloaraya.com\/pt\/wp-json\/wp\/v2\/product\/354","targetHints":{"allow":["GET"]}}],"collection":[{"href":"http:\/\/gonzaloaraya.com\/pt\/wp-json\/wp\/v2\/product"}],"about":[{"href":"http:\/\/gonzaloaraya.com\/pt\/wp-json\/wp\/v2\/types\/product"}],"replies":[{"embeddable":true,"href":"http:\/\/gonzaloaraya.com\/pt\/wp-json\/wp\/v2\/comments?post=354"}],"wp:featuredmedia":[{"embeddable":true,"href":"http:\/\/gonzaloaraya.com\/pt\/wp-json\/wp\/v2\/media\/355"}],"wp:attachment":[{"href":"http:\/\/gonzaloaraya.com\/pt\/wp-json\/wp\/v2\/media?parent=354"}],"wp:term":[{"taxonomy":"product_brand","embeddable":true,"href":"http:\/\/gonzaloaraya.com\/pt\/wp-json\/wp\/v2\/product_brand?post=354"},{"taxonomy":"product_cat","embeddable":true,"href":"http:\/\/gonzaloaraya.com\/pt\/wp-json\/wp\/v2\/product_cat?post=354"},{"taxonomy":"product_tag","embeddable":true,"href":"http:\/\/gonzaloaraya.com\/pt\/wp-json\/wp\/v2\/product_tag?post=354"}],"curies":[{"name":"wp","href":"https:\/\/api.w.org\/{rel}","templated":true}]}}